{"id":2024,"date":"2020-11-02T03:44:44","date_gmt":"2020-11-02T03:44:44","guid":{"rendered":"https:\/\/www.cashdrawers.cn\/?post_type=product&#038;p=2024"},"modified":"2022-03-20T18:26:45","modified_gmt":"2022-03-21T02:26:45","slug":"410mm-24v-rj12-micro-sensor-automatic-cash-drawer","status":"publish","type":"product","link":"https:\/\/www.cashdrawers.cn\/es\/producto\/410mm-24v-rj12-micro-sensor-automatic-cash-drawer\/","title":{"rendered":"Caj\u00f3n portamonedas autom\u00e1tico con micro sensor de 410 mm y 24 V RJ12"},"content":{"rendered":"<h3>410mm 24V RJ12 Micro Sensor Till Cash Drawer<\/h3>\n<div>This is a 410mm automatic Cash Drawer, With Micro Switch, better for your pos system to show the status of cash drawer. It is of a square shape, Upper shell make of 0.8mm thick gauge cold rolled steel. To make sure cash drawer\u00a0 stronger and sturdy, We also welding the shell with ribs. The cash drawer bottom is with\u00a0 SGCC or SECC. The internal cash tray can be taken out, made of high-quality HIPS\/ABS material, It is convenient for users to take it out when off work and safely count cash. At the same time, high-quality surface treatment, various colors and textures are available, All details are of high quality. This cash register drawer is our most popular Pos drawer.<\/div>\n<div><\/div>\n<div>\n<p class=\"magic-7\" data-spm-anchor-id=\"a2700.details.pronpeci14.i0.59fd1d2dbtmkGV\">This automatic cash drawer is a roller cash drawer, Popular model in pos market,\u00a0 So,it is wih heavy-duty ball bearing rollers. Based on it, the cash drawer can be easily \uff0cpulled out or pushed forward.\u00a0 \u00a0 And the internal actuator (locking mechanism) adopts the most reasonable design, which is very smooth and has high stability. This is also one of the most advanced designs in China, We have got the patents.<\/p>\n<\/div>\n<div>\n<div>\n<h4><em><strong>Con respecto al proceso de pintura:<\/strong><\/em><\/h4>\n<p>Este caj\u00f3n de efectivo tiene una capa de polvo h\u00edbrida texturizada. El color est\u00e1ndar es el negro mate. Tambi\u00e9n podemos utilizar otros procesos de horneado y colores seg\u00fan las necesidades. Por ejemplo, negro brillante, beige, blanco brillante u otros colores.<\/p>\n<\/div>\n<h4><em><strong>Respecto al embalaje: <\/strong><\/em><\/h4>\n<div>Our cash drawer Carton box is make of 5 layor hardboard(corrugated paper) And PE inner bag keep away from moisture and dust. Super thick EPE, full of elasticity, reduce and avoid bumps during logistics and express delivery (we avoid to use EPS,Whi is non-degradable, In fact, it has great environmental problems)<\/div>\n<h4><em><strong>Otra informaci\u00f3n: <\/strong><\/em><\/h4>\n<div>\u041c\u044b \u043f\u0440\u0438\u043d\u0438\u043c\u0430\u0435\u043c \u0438\u043d\u0434\u0438\u0432\u0438\u0434\u0443\u0430\u043b\u044c\u043d\u044b\u0435 \u0442\u0440\u0435\u0431\u043e\u0432\u0430\u043d\u0438\u044f, \u0442\u0430\u043a\u0438\u0435 \u043a\u0430\u043a \u043b\u043e\u0433\u043e\u0442\u0438\u043f, \u043d\u0430\u043f\u0440\u044f\u0436\u0435\u043d\u0438\u0435, \u0438\u043d\u0442\u0435\u0440\u0444\u0435\u0439\u0441 \u0438 \u0442. \u0434.<\/div>\n<div><\/div>\n<div>\n<h4><strong><em>Algunas ventajas:<\/em><\/strong><\/h4>\n<p>Costillas reforzadas instaladas, la estructura ultrarresistente tiene una mayor capacidad de carga que el mismo tipo de caja de efectivo. Adem\u00e1s, hay complementos de parada dentro del caj\u00f3n de efectivo, lo que mejora en gran medida la seguridad del transporte.<\/p>\n<\/div>\n<\/div>\n<div><\/div>\n<div><a href=\"https:\/\/www.cashdrawers.cn\/es\/contacts\/\">Contactanos para mas detalles<\/a><\/div>\n<div><\/div>\n<div><\/div>\n<p data-spm-anchor-id=\"a2700.details.pronpeci14.i0.59fd1d2dbtmkGV\"><img class=\"alignnone size-full wp-image-1854\" src=\"https:\/\/www.cashdrawers.cn\/wp-content\/uploads\/2020\/10\/Roller-cash-register-drawer.jpg\" alt=\"\" width=\"896\" height=\"431\" srcset=\"https:\/\/www.cashdrawers.cn\/wp-content\/uploads\/2020\/10\/Roller-cash-register-drawer.jpg 896w, https:\/\/www.cashdrawers.cn\/wp-content\/uploads\/2020\/10\/Roller-cash-register-drawer-300x144.jpg 300w, https:\/\/www.cashdrawers.cn\/wp-content\/uploads\/2020\/10\/Roller-cash-register-drawer-768x369.jpg 768w, https:\/\/www.cashdrawers.cn\/wp-content\/uploads\/2020\/10\/Roller-cash-register-drawer-285x137.jpg 285w, https:\/\/www.cashdrawers.cn\/wp-content\/uploads\/2020\/10\/Roller-cash-register-drawer-660x317.jpg 660w, https:\/\/www.cashdrawers.cn\/wp-content\/uploads\/2020\/10\/Roller-cash-register-drawer-150x72.jpg 150w\" sizes=\"(max-width: 896px) 100vw, 896px\" \/><\/p>\n<p class=\"magic-7\" data-spm-anchor-id=\"a2700.details.pronpeci14.i0.59fd1d2dbtmkGV\">","protected":false},"excerpt":{"rendered":"<p>&nbsp;<\/p>\n<ul>\n<li>16,1 (ancho) x 16,5 (profundidad) x 3,9 (alto) pulgadas<\/li>\n<li>5 billetes 8 monedas<\/li>\n<li>Bandeja de efectivo extra\u00edble y estuche para monedas<\/li>\n<li>Interface: RJ11<\/li>\n<li>Solenoid unit with 24<\/li>\n<li>Peso neto: 7.0kg<\/li>\n<li>1pcs \/ caja de cart\u00f3n como est\u00e1ndar<\/li>\n<li>Peso bruto: 8.0kg<\/li>\n<\/ul>","protected":false},"featured_media":1858,"comment_status":"open","ping_status":"closed","template":"","meta":[],"product_cat":[41],"product_tag":[48,147,148,97,146,83,46,145],"yoast_head":"<!-- This site is optimized with the Yoast SEO Premium plugin v15.2 - https:\/\/yoast.com\/wordpress\/plugins\/seo\/ -->\n<title>410mm 24V RJ12 Micro Sensor Automatic Cash Drawer<\/title>\n<meta name=\"description\" content=\"Automatic , with 5B8C Cash Tray, Solenoid with 24V DC, And Connected RJ12 Interface and Micro Switch, Fine Surface texture, Safe packing.\" \/>\n<meta name=\"robots\" content=\"index, follow, max-snippet:-1, max-image-preview:large, max-video-preview:-1\" \/>\n<link rel=\"canonical\" href=\"https:\/\/www.cashdrawers.cn\/es\/producto\/410mm-24v-rj12-micro-sensor-automatic-cash-drawer\/\" \/>\n<meta property=\"og:locale\" content=\"es_ES\" \/>\n<meta property=\"og:type\" content=\"article\" \/>\n<meta property=\"og:title\" content=\"410mm 24V RJ12 Micro Sensor Automatic Cash Drawer\" \/>\n<meta property=\"og:description\" content=\"Automatic , with 5B8C Cash Tray, Solenoid with 24V DC, And Connected RJ12 Interface and Micro Switch, Fine Surface texture, Safe packing.\" \/>\n<meta property=\"og:url\" content=\"https:\/\/www.cashdrawers.cn\/es\/producto\/410mm-24v-rj12-micro-sensor-automatic-cash-drawer\/\" \/>\n<meta property=\"og:site_name\" content=\"Kustal Cash Drawer\" \/>\n<meta property=\"article:publisher\" content=\"https:\/\/www.facebook.com\/kustal.cash.drawer\" \/>\n<meta property=\"article:modified_time\" content=\"2022-03-21T02:26:45+00:00\" \/>\n<meta property=\"og:image\" content=\"https:\/\/www.cashdrawers.cn\/wp-content\/uploads\/2020\/10\/KST-410R-Cash-Register-Drawer.jpg\" \/>\n\t<meta property=\"og:image:width\" content=\"800\" \/>\n\t<meta property=\"og:image:height\" content=\"800\" \/>\n<meta name=\"twitter:card\" content=\"summary_large_image\" \/>\n<meta name=\"twitter:label1\" value=\"Precio\">\n\t<meta name=\"twitter:data1\" value=\"\">\n\t<meta name=\"twitter:label2\" value=\"Availability\">\n\t<meta name=\"twitter:data2\" value=\"In stock\">\n<script type=\"application\/ld+json\" class=\"yoast-schema-graph\">{\"@context\":\"https:\/\/schema.org\",\"@graph\":[{\"@type\":\"WebSite\",\"@id\":\"https:\/\/www.cashdrawers.cn\/es\/#website\",\"url\":\"https:\/\/www.cashdrawers.cn\/es\/\",\"name\":\"Kustal Cash Drawer\",\"description\":\"Cash Drawer Manufacturer\",\"potentialAction\":[{\"@type\":\"SearchAction\",\"target\":\"https:\/\/www.cashdrawers.cn\/es\/?s={search_term_string}\",\"query-input\":\"required name=search_term_string\"}],\"inLanguage\":\"es\"},{\"@type\":\"ImageObject\",\"@id\":\"https:\/\/www.cashdrawers.cn\/product\/410mm-24v-rj12-micro-sensor-automatic-cash-drawer\/#primaryimage\",\"inLanguage\":\"es\",\"url\":\"https:\/\/www.cashdrawers.cn\/wp-content\/uploads\/2020\/10\/KST-410R-Cash-Register-Drawer.jpg\",\"width\":800,\"height\":800,\"caption\":\"KST-410R Cash Register Drawer\"},{\"@type\":[\"WebPage\",\"ItemPage\"],\"@id\":\"https:\/\/www.cashdrawers.cn\/product\/410mm-24v-rj12-micro-sensor-automatic-cash-drawer\/#webpage\",\"url\":\"https:\/\/www.cashdrawers.cn\/product\/410mm-24v-rj12-micro-sensor-automatic-cash-drawer\/\",\"name\":\"410mm 24V RJ12 Micro Sensor Automatic Cash Drawer\",\"isPartOf\":{\"@id\":\"https:\/\/www.cashdrawers.cn\/es\/#website\"},\"primaryImageOfPage\":{\"@id\":\"https:\/\/www.cashdrawers.cn\/product\/410mm-24v-rj12-micro-sensor-automatic-cash-drawer\/#primaryimage\"},\"datePublished\":\"2020-11-02T03:44:44+00:00\",\"dateModified\":\"2022-03-21T02:26:45+00:00\",\"description\":\"Automatic , with 5B8C Cash Tray, Solenoid with 24V DC, And Connected RJ12 Interface and Micro Switch, Fine Surface texture, Safe packing.\",\"inLanguage\":\"es\",\"potentialAction\":[{\"@type\":\"ReadAction\",\"target\":[\"https:\/\/www.cashdrawers.cn\/product\/410mm-24v-rj12-micro-sensor-automatic-cash-drawer\/\"]}]},{\"@type\":\"Place\",\"@id\":\"https:\/\/www.cashdrawers.cn\/product\/410mm-24v-rj12-micro-sensor-automatic-cash-drawer\/#local-place\",\"address\":{\"@type\":\"PostalAddress\",\"@id\":\"https:\/\/www.cashdrawers.cn\/product\/410mm-24v-rj12-micro-sensor-automatic-cash-drawer\/#local-place-address\",\"streetAddress\":\"Lianmei Road No. 39, Lianhua Industrial Zone, TongAn District\",\"addressLocality\":\"Xiamen\",\"postalCode\":\"361108\",\"addressRegion\":\"Fujian\",\"addressCountry\":\"CN\"},\"geo\":{\"@type\":\"GeoCoordinates\",\"latitude\":\"24.74174505\",\"longitude\":\"118.07491779\"},\"openingHoursSpecification\":[{\"@type\":\"OpeningHoursSpecification\",\"dayOfWeek\":[\"Friday\",\"Saturday\",\"Sunday\",\"Monday\",\"Tuesday\",\"Wednesday\",\"Thursday\"],\"opens\":\"09:00\",\"closes\":\"17:00\"}],\"telephone\":\"+865927029406\",\"faxNumber\":\"Xiamen Kustal Technology Co., Ltd\"}]}<\/script>\n<meta name=\"geo.placename\" content=\"Xiamen\" \/>\n<meta name=\"geo.position\" content=\"24.74174505;118.07491779\" \/>\n<meta name=\"geo.region\" content=\"China\" \/>\n<!-- \/ Yoast SEO Premium plugin. -->","_links":{"self":[{"href":"https:\/\/www.cashdrawers.cn\/es\/wp-json\/wp\/v2\/product\/2024"}],"collection":[{"href":"https:\/\/www.cashdrawers.cn\/es\/wp-json\/wp\/v2\/product"}],"about":[{"href":"https:\/\/www.cashdrawers.cn\/es\/wp-json\/wp\/v2\/types\/product"}],"replies":[{"embeddable":true,"href":"https:\/\/www.cashdrawers.cn\/es\/wp-json\/wp\/v2\/comments?post=2024"}],"version-history":[{"count":2,"href":"https:\/\/www.cashdrawers.cn\/es\/wp-json\/wp\/v2\/product\/2024\/revisions"}],"predecessor-version":[{"id":2513,"href":"https:\/\/www.cashdrawers.cn\/es\/wp-json\/wp\/v2\/product\/2024\/revisions\/2513"}],"wp:featuredmedia":[{"embeddable":true,"href":"https:\/\/www.cashdrawers.cn\/es\/wp-json\/wp\/v2\/media\/1858"}],"wp:attachment":[{"href":"https:\/\/www.cashdrawers.cn\/es\/wp-json\/wp\/v2\/media?parent=2024"}],"wp:term":[{"taxonomy":"product_cat","embeddable":true,"href":"https:\/\/www.cashdrawers.cn\/es\/wp-json\/wp\/v2\/product_cat?post=2024"},{"taxonomy":"product_tag","embeddable":true,"href":"https:\/\/www.cashdrawers.cn\/es\/wp-json\/wp\/v2\/product_tag?post=2024"}],"curies":[{"name":"wp","href":"https:\/\/api.w.org\/{rel}","templated":true}]}}