{"id":2028,"date":"2020-11-02T04:05:38","date_gmt":"2020-11-02T04:05:38","guid":{"rendered":"https:\/\/www.cashdrawers.cn\/?post_type=product&#038;p=2028"},"modified":"2024-06-14T21:08:10","modified_gmt":"2024-06-15T05:08:10","slug":"counter-cash-drawer-with-detachable-rj12-24v-and-stainless-front","status":"publish","type":"product","link":"https:\/\/www.cashdrawers.cn\/es\/producto\/counter-cash-drawer-with-detachable-rj12-24v-and-stainless-front\/","title":{"rendered":"Caj\u00f3n de efectivo para mostrador con RJ12 desmontable de 24 V y frente de acero inoxidable"},"content":{"rendered":"<h3>Caj\u00f3n de efectivo para mostrador con RJ12 desmontable de 24 V y frente de acero inoxidable<\/h3>\n<div>This is a 410mm Counter Cash Drawer, With detachable RJ12 and Stainless Panel, Look pretty good when place on your cashier Counter\u00a0. It is of a square shape, Upper shell make of 0.8mm thick gauge cold rolled steel. To make sure cash drawer\u00a0 stronger and sturdy, We also welding the shell with ribs. The cash drawer bottom is with\u00a0 SGCC or SECC. The internal cash tray can be taken out, made of high-quality HIPS\/ABS material, It is convenient for users to take it out when off work and safely count cash. At the same time, high-quality surface treatment, various colors and textures are available, All details are of high quality. This cash register drawer is our most popular Pos drawer.<\/div>\n<div><\/div>\n<div>\n<p class=\"magic-7\" data-spm-anchor-id=\"a2700.details.pronpeci14.i0.59fd1d2dbtmkGV\">This 12V register drawer for sale is a roller cash drawer, Popular model in pos market,\u00a0 So,it is wih heavy-duty ball bearing rollers. Based on it, the cash drawer can be easily \uff0cpulled out or pushed forward.\u00a0 \u00a0 And the internal actuator (locking mechanism) adopts the most reasonable design, which is very smooth and has high stability. This is also one of the most advanced designs in China, We have got the patents.<\/p>\n<\/div>\n<div>\n<div>\n<h4><em><strong>Con respecto al proceso de pintura:<\/strong><\/em><\/h4>\n<p>Este caj\u00f3n de efectivo tiene una capa de polvo h\u00edbrida texturizada. El color est\u00e1ndar es el negro mate. Tambi\u00e9n podemos utilizar otros procesos de horneado y colores seg\u00fan las necesidades. Por ejemplo, negro brillante, beige, blanco brillante u otros colores.<\/p>\n<\/div>\n<h4><em><strong>Respecto al embalaje: <\/strong><\/em><\/h4>\n<div>Nuestra caja de cart\u00f3n est\u00e1 hecha de madera prensada de 5 capas (papel corrugado) y la bolsa interior de PE se mantiene alejada de la humedad y el polvo. EPE s\u00faper grueso, lleno de elasticidad, reduce y evita golpes durante la log\u00edstica y entrega urgente (evitamos usar EPS, Whi no es degradable, de hecho, tiene grandes problemas ambientales)<\/div>\n<h4><em><strong>Otra informaci\u00f3n: <\/strong><\/em><\/h4>\n<div>\u041c\u044b \u043f\u0440\u0438\u043d\u0438\u043c\u0430\u0435\u043c \u0438\u043d\u0434\u0438\u0432\u0438\u0434\u0443\u0430\u043b\u044c\u043d\u044b\u0435 \u0442\u0440\u0435\u0431\u043e\u0432\u0430\u043d\u0438\u044f, \u0442\u0430\u043a\u0438\u0435 \u043a\u0430\u043a \u043b\u043e\u0433\u043e\u0442\u0438\u043f, \u043d\u0430\u043f\u0440\u044f\u0436\u0435\u043d\u0438\u0435, \u0438\u043d\u0442\u0435\u0440\u0444\u0435\u0439\u0441 \u0438 \u0442. \u0434.<\/div>\n<div><\/div>\n<div>\n<h4><strong><em>Algunas ventajas:<\/em><\/strong><\/h4>\n<p>Costillas reforzadas instaladas, la estructura ultrarresistente tiene una mayor capacidad de carga que el mismo tipo de caja de efectivo. Adem\u00e1s, hay complementos de parada dentro del caj\u00f3n de efectivo, lo que mejora en gran medida la seguridad del transporte.<\/p>\n<\/div>\n<\/div>\n<div><\/div>\n<div><a href=\"https:\/\/www.cashdrawers.cn\/es\/contacts\/\">Contactanos para mas detalles<\/a><\/div>\n<p class=\"magic-7\" data-spm-anchor-id=\"a2700.details.pronpeci14.i0.59fd1d2dbtmkGV\">","protected":false},"excerpt":{"rendered":"<p>&nbsp;<\/p>\n<ul>\n<li>16,1 (ancho) x 16,5 (profundidad) x 3,9 (alto) pulgadas<\/li>\n<li>5 billetes 8 monedas<\/li>\n<li>Bandeja de efectivo extra\u00edble y estuche para monedas<\/li>\n<li>Interface: RJ11<\/li>\n<li>Solenoid unit with 24<\/li>\n<li>Peso neto: 7.0kg<\/li>\n<li>1pcs \/ caja de cart\u00f3n como est\u00e1ndar<\/li>\n<li>Peso bruto: 8.0kg<\/li>\n<\/ul>","protected":false},"featured_media":2039,"comment_status":"open","ping_status":"closed","template":"","meta":[],"product_cat":[41],"product_tag":[50],"yoast_head":"<!-- This site is optimized with the Yoast SEO Premium plugin v15.2 - https:\/\/yoast.com\/wordpress\/plugins\/seo\/ -->\n<title>Counter Cash Drawer With Detachable RJ12 24V Stainless Front<\/title>\n<meta name=\"description\" content=\"Counter Cash Drawer, Removable Cash Tray, 24V DC, And detachable RJ12 Interface, Stainless Front, Fine Surface texture, Safe packing.\" \/>\n<meta name=\"robots\" content=\"index, follow, max-snippet:-1, max-image-preview:large, max-video-preview:-1\" \/>\n<link rel=\"canonical\" href=\"https:\/\/www.cashdrawers.cn\/es\/producto\/counter-cash-drawer-with-detachable-rj12-24v-and-stainless-front\/\" \/>\n<meta property=\"og:locale\" content=\"es_ES\" \/>\n<meta property=\"og:type\" content=\"article\" \/>\n<meta property=\"og:title\" content=\"Counter Cash Drawer With Detachable RJ12 24V Stainless Front\" \/>\n<meta property=\"og:description\" content=\"Counter Cash Drawer, Removable Cash Tray, 24V DC, And detachable RJ12 Interface, Stainless Front, Fine Surface texture, Safe packing.\" \/>\n<meta property=\"og:url\" content=\"https:\/\/www.cashdrawers.cn\/es\/producto\/counter-cash-drawer-with-detachable-rj12-24v-and-stainless-front\/\" \/>\n<meta property=\"og:site_name\" content=\"Kustal Cash Drawer\" \/>\n<meta property=\"article:publisher\" content=\"https:\/\/www.facebook.com\/kustal.cash.drawer\" \/>\n<meta property=\"article:modified_time\" content=\"2024-06-15T05:08:10+00:00\" \/>\n<meta property=\"og:image\" content=\"https:\/\/www.cashdrawers.cn\/wp-content\/uploads\/2020\/11\/stainless-steel-front-cash-drawer.jpg\" \/>\n\t<meta property=\"og:image:width\" content=\"800\" \/>\n\t<meta property=\"og:image:height\" content=\"800\" \/>\n<meta name=\"twitter:card\" content=\"summary_large_image\" \/>\n<meta name=\"twitter:label1\" value=\"Precio\">\n\t<meta name=\"twitter:data1\" value=\"\">\n\t<meta name=\"twitter:label2\" value=\"Availability\">\n\t<meta name=\"twitter:data2\" value=\"In stock\">\n<script type=\"application\/ld+json\" class=\"yoast-schema-graph\">{\"@context\":\"https:\/\/schema.org\",\"@graph\":[{\"@type\":\"WebSite\",\"@id\":\"https:\/\/www.cashdrawers.cn\/es\/#website\",\"url\":\"https:\/\/www.cashdrawers.cn\/es\/\",\"name\":\"Kustal Cash Drawer\",\"description\":\"Cash Drawer Manufacturer\",\"potentialAction\":[{\"@type\":\"SearchAction\",\"target\":\"https:\/\/www.cashdrawers.cn\/es\/?s={search_term_string}\",\"query-input\":\"required name=search_term_string\"}],\"inLanguage\":\"es\"},{\"@type\":\"ImageObject\",\"@id\":\"https:\/\/www.cashdrawers.cn\/product\/counter-cash-drawer-with-detachable-rj12-24v-and-stainless-front\/#primaryimage\",\"inLanguage\":\"es\",\"url\":\"https:\/\/www.cashdrawers.cn\/wp-content\/uploads\/2020\/11\/stainless-steel-front-cash-drawer.jpg\",\"width\":800,\"height\":800,\"caption\":\"stainless steel front cash drawer\"},{\"@type\":[\"WebPage\",\"ItemPage\"],\"@id\":\"https:\/\/www.cashdrawers.cn\/product\/counter-cash-drawer-with-detachable-rj12-24v-and-stainless-front\/#webpage\",\"url\":\"https:\/\/www.cashdrawers.cn\/product\/counter-cash-drawer-with-detachable-rj12-24v-and-stainless-front\/\",\"name\":\"Counter Cash Drawer With Detachable RJ12 24V Stainless Front\",\"isPartOf\":{\"@id\":\"https:\/\/www.cashdrawers.cn\/es\/#website\"},\"primaryImageOfPage\":{\"@id\":\"https:\/\/www.cashdrawers.cn\/product\/counter-cash-drawer-with-detachable-rj12-24v-and-stainless-front\/#primaryimage\"},\"datePublished\":\"2020-11-02T04:05:38+00:00\",\"dateModified\":\"2024-06-15T05:08:10+00:00\",\"description\":\"Counter Cash Drawer, Removable Cash Tray, 24V DC, And detachable RJ12 Interface, Stainless Front, Fine Surface texture, Safe packing.\",\"inLanguage\":\"es\",\"potentialAction\":[{\"@type\":\"ReadAction\",\"target\":[\"https:\/\/www.cashdrawers.cn\/product\/counter-cash-drawer-with-detachable-rj12-24v-and-stainless-front\/\"]}]},{\"@type\":\"Place\",\"@id\":\"https:\/\/www.cashdrawers.cn\/product\/counter-cash-drawer-with-detachable-rj12-24v-and-stainless-front\/#local-place\",\"address\":{\"@type\":\"PostalAddress\",\"@id\":\"https:\/\/www.cashdrawers.cn\/product\/counter-cash-drawer-with-detachable-rj12-24v-and-stainless-front\/#local-place-address\",\"streetAddress\":\"Lianmei Road No. 39, Lianhua Industrial Zone, TongAn District\",\"addressLocality\":\"Xiamen\",\"postalCode\":\"361108\",\"addressRegion\":\"Fujian\",\"addressCountry\":\"CN\"},\"geo\":{\"@type\":\"GeoCoordinates\",\"latitude\":\"24.74174505\",\"longitude\":\"118.07491779\"},\"openingHoursSpecification\":[{\"@type\":\"OpeningHoursSpecification\",\"dayOfWeek\":[\"Friday\",\"Saturday\",\"Sunday\",\"Monday\",\"Tuesday\",\"Wednesday\",\"Thursday\"],\"opens\":\"09:00\",\"closes\":\"17:00\"}],\"telephone\":\"+865927029406\",\"faxNumber\":\"Xiamen Kustal Technology Co., Ltd\"}]}<\/script>\n<meta name=\"geo.placename\" content=\"Xiamen\" \/>\n<meta name=\"geo.position\" content=\"24.74174505;118.07491779\" \/>\n<meta name=\"geo.region\" content=\"China\" \/>\n<!-- \/ Yoast SEO Premium plugin. -->","_links":{"self":[{"href":"https:\/\/www.cashdrawers.cn\/es\/wp-json\/wp\/v2\/product\/2028"}],"collection":[{"href":"https:\/\/www.cashdrawers.cn\/es\/wp-json\/wp\/v2\/product"}],"about":[{"href":"https:\/\/www.cashdrawers.cn\/es\/wp-json\/wp\/v2\/types\/product"}],"replies":[{"embeddable":true,"href":"https:\/\/www.cashdrawers.cn\/es\/wp-json\/wp\/v2\/comments?post=2028"}],"version-history":[{"count":2,"href":"https:\/\/www.cashdrawers.cn\/es\/wp-json\/wp\/v2\/product\/2028\/revisions"}],"predecessor-version":[{"id":2034,"href":"https:\/\/www.cashdrawers.cn\/es\/wp-json\/wp\/v2\/product\/2028\/revisions\/2034"}],"wp:featuredmedia":[{"embeddable":true,"href":"https:\/\/www.cashdrawers.cn\/es\/wp-json\/wp\/v2\/media\/2039"}],"wp:attachment":[{"href":"https:\/\/www.cashdrawers.cn\/es\/wp-json\/wp\/v2\/media?parent=2028"}],"wp:term":[{"taxonomy":"product_cat","embeddable":true,"href":"https:\/\/www.cashdrawers.cn\/es\/wp-json\/wp\/v2\/product_cat?post=2028"},{"taxonomy":"product_tag","embeddable":true,"href":"https:\/\/www.cashdrawers.cn\/es\/wp-json\/wp\/v2\/product_tag?post=2028"}],"curies":[{"name":"wp","href":"https:\/\/api.w.org\/{rel}","templated":true}]}}