{"id":2480,"date":"2021-01-03T19:51:34","date_gmt":"2021-01-04T03:51:34","guid":{"rendered":"https:\/\/www.cashdrawers.cn\/?post_type=product&#038;p=2480"},"modified":"2022-03-20T18:37:44","modified_gmt":"2022-03-21T02:37:44","slug":"lockable-lid-metal-cover-for-cash-drawer-tray","status":"publish","type":"product","link":"https:\/\/www.cashdrawers.cn\/es\/producto\/lockable-lid-metal-cover-for-cash-drawer-tray\/","title":{"rendered":"Tapa de metal con cerradura para la bandeja del caj\u00f3n de efectivo"},"content":{"rendered":"<p>Tapa de metal con cerradura para la bandeja del caj\u00f3n de efectivo<\/p>\n<figure id=\"attachment_2483\" aria-describedby=\"caption-attachment-2483\" style=\"width: 500px\" class=\"wp-caption alignnone\"><img class=\"wp-image-2483\" src=\"https:\/\/www.cashdrawers.cn\/wp-content\/uploads\/2021\/01\/lockable-lid-3.jpg\" alt=\"Cash Tray Lid\" width=\"500\" height=\"500\" \/><figcaption id=\"caption-attachment-2483\" class=\"wp-caption-text\">Cash Tray Lid<\/figcaption><\/figure>\n<figure id=\"attachment_2482\" aria-describedby=\"caption-attachment-2482\" style=\"width: 500px\" class=\"wp-caption alignnone\"><img class=\"wp-image-2482\" src=\"https:\/\/www.cashdrawers.cn\/wp-content\/uploads\/2021\/01\/lockable-lid-2.jpg\" alt=\"lockable cover for cash drawer tray\" width=\"500\" height=\"500\" srcset=\"https:\/\/www.cashdrawers.cn\/wp-content\/uploads\/2021\/01\/lockable-lid-2.jpg 800w, https:\/\/www.cashdrawers.cn\/wp-content\/uploads\/2021\/01\/lockable-lid-2-300x300.jpg 300w, https:\/\/www.cashdrawers.cn\/wp-content\/uploads\/2021\/01\/lockable-lid-2-150x150.jpg 150w, https:\/\/www.cashdrawers.cn\/wp-content\/uploads\/2021\/01\/lockable-lid-2-768x768.jpg 768w, https:\/\/www.cashdrawers.cn\/wp-content\/uploads\/2021\/01\/lockable-lid-2-285x285.jpg 285w, https:\/\/www.cashdrawers.cn\/wp-content\/uploads\/2021\/01\/lockable-lid-2-660x660.jpg 660w\" sizes=\"(max-width: 500px) 100vw, 500px\" \/><figcaption id=\"caption-attachment-2482\" class=\"wp-caption-text\">lockable cover for cash drawer tray<\/figcaption><\/figure>\n<h4><strong><span data-spm-anchor-id=\"a2700.details.0.i17.77aa4e291pTmLW\">Why choose us?<\/span><\/strong><\/h4>\n<p>Cooperating with us is actually equal to giving your business a free design team.<\/p>\n<p>Firstly,We provide services for many large enterprises and listed companies: develop molds and produce semi-finished products or parts. Products include GPS mounting boxes, special microscope brackets, etc. Our production experience has been as long as 10 years.<\/p>\n<p>In addition, long before kustal started its own export cash drawer business, our team members also worked in the different cash drawer factory and participated in the design of the development of the most classic cash drawers on pos market. Before the establishment of kustal, our old HLC factory also produced cash drawers parts (inclide lockable lid) for other cash drawer factory for many years, which means that the development and production of their cash drawers are our services. Therefore, our operation on the cash drawer product far exceeds most competitors.<\/p>\n<p>Besides, Regarding brand, we attach great importance to product brand building. This does not mean that our logo should be printed on the product, but we focus on the company\u2019s reputation. It is also the reason why we registered kustal. you know, Cash drawers are not our only product. Only by improving word of mouth can our product chain continue to increase. On the contrary, some inferior suppliers, even the corporate logo is fake, which is easy to check if you want help.<\/p>\n<p>Finnaly, We provide a one-year warranty, and lifetime and timely after-sales service,\u00a0 Surel, we promise we will be here always. On the contrary, some hypocritical suppliers will only continuously increase the warranty period of 2 years or even five years on the Internet, You should know that is just a numbers game. We are sure some of our counterparts, after product quality problems, can even directly put customers mailbox into the trash<\/p>\n<p>Welcome new and old customers to purchase this cash tray lid\/ lockable lid \/lockable cover<\/p>\n<blockquote class=\"wp-embedded-content\" data-secret=\"dhyGF6K0kC\"><p><a href=\"https:\/\/www.cashdrawers.cn\/es\/producto\/16-inch-24v-epson-rj12-electronic-cash-drawer\/\">Caj\u00f3n portamonedas electr\u00f3nico EPSON RJ12 de 16 pulgadas y 24 V<\/a><\/p><\/blockquote>\n<p><iframe class=\"wp-embedded-content\" sandbox=\"allow-scripts\" security=\"restricted\" style=\"position: absolute; clip: rect(1px, 1px, 1px, 1px);\" title=\"&#8220;16 inch 24V EPSON RJ12 Electronic Cash Drawer&#8221; &#8212; Kustal Cash Drawer\" src=\"https:\/\/www.cashdrawers.cn\/product\/16-inch-24v-epson-rj12-electronic-cash-drawer\/embed\/#?secret=dhyGF6K0kC\" data-secret=\"dhyGF6K0kC\" width=\"600\" height=\"338\" frameborder=\"0\" marginwidth=\"0\" marginheight=\"0\" scrolling=\"no\"><\/iframe><\/p>\n<blockquote class=\"wp-embedded-content\" data-secret=\"N8zKT1bUhd\"><p><a href=\"https:\/\/www.cashdrawers.cn\/es\/producto\/barcode-scanner-1d-laser-wired-with-stand\/\">Esc\u00e1ner de c\u00f3digo de barras l\u00e1ser 1D cableado con soporte<\/a><\/p><\/blockquote>\n<p><iframe class=\"wp-embedded-content\" sandbox=\"allow-scripts\" security=\"restricted\" style=\"position: absolute; clip: rect(1px, 1px, 1px, 1px);\" title=\"&#8220;Barcode Scanner 1D Laser Wired with Stand&#8221; &#8212; Kustal Cash Drawer\" src=\"https:\/\/www.cashdrawers.cn\/product\/barcode-scanner-1d-laser-wired-with-stand\/embed\/#?secret=N8zKT1bUhd\" data-secret=\"N8zKT1bUhd\" width=\"600\" height=\"338\" frameborder=\"0\" marginwidth=\"0\" marginheight=\"0\" scrolling=\"no\"><\/iframe><\/p>\n<blockquote class=\"wp-embedded-content\" data-secret=\"6InfPLyTZo\"><p><a href=\"https:\/\/www.cashdrawers.cn\/es\/producto\/mounting-bracket-for-cash-drawer\/\">Mounting Bracket For 16 inch POS Cash Drawer<\/a><\/p><\/blockquote>\n<p><iframe class=\"wp-embedded-content\" sandbox=\"allow-scripts\" security=\"restricted\" style=\"position: absolute; clip: rect(1px, 1px, 1px, 1px);\" title=\"&#8220;Mounting Bracket For 16 inch POS Cash Drawer&#8221; &#8212; Kustal Cash Drawer\" src=\"https:\/\/www.cashdrawers.cn\/product\/mounting-bracket-for-cash-drawer\/embed\/#?secret=6InfPLyTZo\" data-secret=\"6InfPLyTZo\" width=\"600\" height=\"338\" frameborder=\"0\" marginwidth=\"0\" marginheight=\"0\" scrolling=\"no\"><\/iframe><\/p>","protected":false},"excerpt":{"rendered":"<p>Tapa de metal con cerradura para la bandeja del caj\u00f3n de efectivo<\/p>","protected":false},"featured_media":2481,"comment_status":"open","ping_status":"closed","template":"","meta":[],"product_cat":[15],"product_tag":[169,168,172,173,167,170,166,171],"yoast_head":"<!-- This site is optimized with the Yoast SEO Premium plugin v15.2 - https:\/\/yoast.com\/wordpress\/plugins\/seo\/ -->\n<title>Lockable Lid For Cash Drawer Tray Metal Cover POS Peripheral<\/title>\n<meta name=\"description\" content=\"Lockable Lid For Cash Drawer Tray, Metal cash tray cover. Money tray cover, cash tray lid. Cash Drawer Periperal hardware\" \/>\n<meta name=\"robots\" content=\"index, follow, max-snippet:-1, max-image-preview:large, max-video-preview:-1\" \/>\n<link rel=\"canonical\" href=\"https:\/\/www.cashdrawers.cn\/es\/producto\/lockable-lid-metal-cover-for-cash-drawer-tray\/\" \/>\n<meta property=\"og:locale\" content=\"es_ES\" \/>\n<meta property=\"og:type\" content=\"article\" \/>\n<meta property=\"og:title\" content=\"Lockable Lid For Cash Drawer Tray Metal Cover POS Peripheral\" \/>\n<meta property=\"og:description\" content=\"Lockable Lid For Cash Drawer Tray, Metal cash tray cover. Money tray cover, cash tray lid. Cash Drawer Periperal hardware\" \/>\n<meta property=\"og:url\" content=\"https:\/\/www.cashdrawers.cn\/es\/producto\/lockable-lid-metal-cover-for-cash-drawer-tray\/\" \/>\n<meta property=\"og:site_name\" content=\"Kustal Cash Drawer\" \/>\n<meta property=\"article:publisher\" content=\"https:\/\/www.facebook.com\/kustal.cash.drawer\" \/>\n<meta property=\"article:modified_time\" content=\"2022-03-21T02:37:44+00:00\" \/>\n<meta property=\"og:image\" content=\"https:\/\/www.cashdrawers.cn\/wp-content\/uploads\/2021\/01\/lockable-lid-1.jpg\" \/>\n\t<meta property=\"og:image:width\" content=\"800\" \/>\n\t<meta property=\"og:image:height\" content=\"800\" \/>\n<meta name=\"twitter:card\" content=\"summary_large_image\" \/>\n<meta name=\"twitter:label1\" value=\"Precio\">\n\t<meta name=\"twitter:data1\" value=\"\">\n\t<meta name=\"twitter:label2\" value=\"Availability\">\n\t<meta name=\"twitter:data2\" value=\"In stock\">\n<script type=\"application\/ld+json\" class=\"yoast-schema-graph\">{\"@context\":\"https:\/\/schema.org\",\"@graph\":[{\"@type\":\"WebSite\",\"@id\":\"https:\/\/www.cashdrawers.cn\/es\/#website\",\"url\":\"https:\/\/www.cashdrawers.cn\/es\/\",\"name\":\"Kustal Cash Drawer\",\"description\":\"Cash Drawer Manufacturer\",\"potentialAction\":[{\"@type\":\"SearchAction\",\"target\":\"https:\/\/www.cashdrawers.cn\/es\/?s={search_term_string}\",\"query-input\":\"required name=search_term_string\"}],\"inLanguage\":\"es\"},{\"@type\":\"ImageObject\",\"@id\":\"https:\/\/www.cashdrawers.cn\/product\/lockable-lid-metal-cover-for-cash-drawer-tray\/#primaryimage\",\"inLanguage\":\"es\",\"url\":\"https:\/\/www.cashdrawers.cn\/wp-content\/uploads\/2021\/01\/lockable-lid-1.jpg\",\"width\":800,\"height\":800,\"caption\":\"cash tray lid\"},{\"@type\":\"WebPage\",\"@id\":\"https:\/\/www.cashdrawers.cn\/product\/lockable-lid-metal-cover-for-cash-drawer-tray\/#webpage\",\"url\":\"https:\/\/www.cashdrawers.cn\/product\/lockable-lid-metal-cover-for-cash-drawer-tray\/\",\"name\":\"Lockable Lid For Cash Drawer Tray Metal Cover POS Peripheral\",\"isPartOf\":{\"@id\":\"https:\/\/www.cashdrawers.cn\/es\/#website\"},\"primaryImageOfPage\":{\"@id\":\"https:\/\/www.cashdrawers.cn\/product\/lockable-lid-metal-cover-for-cash-drawer-tray\/#primaryimage\"},\"datePublished\":\"2021-01-04T03:51:34+00:00\",\"dateModified\":\"2022-03-21T02:37:44+00:00\",\"description\":\"Lockable Lid For Cash Drawer Tray, Metal cash tray cover. Money tray cover, cash tray lid. Cash Drawer Periperal hardware\",\"inLanguage\":\"es\",\"potentialAction\":[{\"@type\":\"ReadAction\",\"target\":[\"https:\/\/www.cashdrawers.cn\/product\/lockable-lid-metal-cover-for-cash-drawer-tray\/\"]}]},{\"@type\":\"Place\",\"@id\":\"https:\/\/www.cashdrawers.cn\/product\/lockable-lid-metal-cover-for-cash-drawer-tray\/#local-place\",\"address\":{\"@type\":\"PostalAddress\",\"@id\":\"https:\/\/www.cashdrawers.cn\/product\/lockable-lid-metal-cover-for-cash-drawer-tray\/#local-place-address\",\"streetAddress\":\"Lianmei Road No. 39, Lianhua Industrial Zone, TongAn District\",\"addressLocality\":\"Xiamen\",\"postalCode\":\"361108\",\"addressRegion\":\"Fujian\",\"addressCountry\":\"CN\"},\"geo\":{\"@type\":\"GeoCoordinates\",\"latitude\":\"24.74174505\",\"longitude\":\"118.07491779\"},\"openingHoursSpecification\":[{\"@type\":\"OpeningHoursSpecification\",\"dayOfWeek\":[\"Friday\",\"Saturday\",\"Sunday\",\"Monday\",\"Tuesday\",\"Wednesday\",\"Thursday\"],\"opens\":\"09:00\",\"closes\":\"17:00\"}],\"telephone\":\"+865927029406\",\"faxNumber\":\"Xiamen Kustal Technology Co., Ltd\"}]}<\/script>\n<meta name=\"geo.placename\" content=\"Xiamen\" \/>\n<meta name=\"geo.position\" content=\"24.74174505;118.07491779\" \/>\n<meta name=\"geo.region\" content=\"China\" \/>\n<!-- \/ Yoast SEO Premium plugin. -->","_links":{"self":[{"href":"https:\/\/www.cashdrawers.cn\/es\/wp-json\/wp\/v2\/product\/2480"}],"collection":[{"href":"https:\/\/www.cashdrawers.cn\/es\/wp-json\/wp\/v2\/product"}],"about":[{"href":"https:\/\/www.cashdrawers.cn\/es\/wp-json\/wp\/v2\/types\/product"}],"replies":[{"embeddable":true,"href":"https:\/\/www.cashdrawers.cn\/es\/wp-json\/wp\/v2\/comments?post=2480"}],"version-history":[{"count":5,"href":"https:\/\/www.cashdrawers.cn\/es\/wp-json\/wp\/v2\/product\/2480\/revisions"}],"predecessor-version":[{"id":2963,"href":"https:\/\/www.cashdrawers.cn\/es\/wp-json\/wp\/v2\/product\/2480\/revisions\/2963"}],"wp:featuredmedia":[{"embeddable":true,"href":"https:\/\/www.cashdrawers.cn\/es\/wp-json\/wp\/v2\/media\/2481"}],"wp:attachment":[{"href":"https:\/\/www.cashdrawers.cn\/es\/wp-json\/wp\/v2\/media?parent=2480"}],"wp:term":[{"taxonomy":"product_cat","embeddable":true,"href":"https:\/\/www.cashdrawers.cn\/es\/wp-json\/wp\/v2\/product_cat?post=2480"},{"taxonomy":"product_tag","embeddable":true,"href":"https:\/\/www.cashdrawers.cn\/es\/wp-json\/wp\/v2\/product_tag?post=2480"}],"curies":[{"name":"wp","href":"https:\/\/api.w.org\/{rel}","templated":true}]}}