{"id":2499,"date":"2021-01-17T23:05:02","date_gmt":"2021-01-18T07:05:02","guid":{"rendered":"https:\/\/www.cashdrawers.cn\/?post_type=product&#038;p=2499"},"modified":"2022-03-20T18:10:29","modified_gmt":"2022-03-21T02:10:29","slug":"cheap-cash-drawer-12v-connected-rj11-330mm-pos-drawer","status":"publish","type":"product","link":"https:\/\/www.cashdrawers.cn\/es\/producto\/cheap-cash-drawer-12v-connected-rj11-330mm-pos-drawer\/","title":{"rendered":"El caj\u00f3n de efectivo barato conect\u00f3 el caj\u00f3n econ\u00f3mico de la posici\u00f3n de 330m m del parte movible pl\u00e1stico RJ11 conectado 12V"},"content":{"rendered":"<h3>El caj\u00f3n de efectivo barato conect\u00f3 el caj\u00f3n econ\u00f3mico de la posici\u00f3n de 330m m del parte movible pl\u00e1stico RJ11 conectado 12V<\/h3>\n<div>Este es un caj\u00f3n de efectivo econ\u00f3mico de 410 mm para su sistema pos. Tiene un inserto de pl\u00e1stico todo en uno (incluye bandeja de efectivo y estuche para monedas, sin bandeja de metal), hecho de material HIPS \/ ABS de alta calidad, es conveniente para los usuarios usarlo si no tienen demanda de sacar la bandeja cuando terminan el trabajo. La carcasa superior es de acero laminado en fr\u00edo de 0,8 mm de espesor, por lo tanto, es todo un caj\u00f3n de efectivo de estructura met\u00e1lica, sin embargo, para asegurarnos de que el caj\u00f3n de efectivo sea m\u00e1s fuerte y resistente, tambi\u00e9n lo instalamos con nervaduras. La parte inferior del caj\u00f3n de efectivo es con SGCC o SECC, es muy popular. Al mismo tiempo, el tratamiento superficial de alta calidad, varios colores y texturas est\u00e1n disponibles, todos los detalles son de alta calidad. Este caj\u00f3n de efectivo econ\u00f3mico es uno de nuestros m\u00e1s vendidos.<\/div>\n<div>\n<p class=\"magic-7\" data-spm-anchor-id=\"a2700.details.pronpeci14.i0.59fd1d2dbtmkGV\">Este producto es un caj\u00f3n de efectivo de rodillos como puede ver, modelo popular en el mercado pos, por lo tanto, es con rodillos de cojinetes de bolas de alta resistencia. Basado en \u00e9l, el caj\u00f3n de efectivo se puede sacar o empujar f\u00e1cilmente hacia adelante. Y el actuador interno (mecanismo de bloqueo) adopta el dise\u00f1o m\u00e1s razonable, que es muy suave y tiene una alta estabilidad. Este es tambi\u00e9n uno de los dise\u00f1os m\u00e1s avanzados de China, tenemos las patentes.<\/p>\n<\/div>\n<div>\n<div>\n<h4><em><strong>Con respecto al proceso de pintura:<\/strong><\/em><\/h4>\n<p>Este caj\u00f3n de efectivo tiene una capa de polvo h\u00edbrida texturizada. El color est\u00e1ndar es el negro mate. Tambi\u00e9n podemos utilizar otros procesos de horneado y colores seg\u00fan las necesidades. Por ejemplo, negro brillante, beige, blanco brillante u otros colores.<\/p>\n<\/div>\n<h4><em><strong>Respecto al embalaje: <\/strong><\/em><\/h4>\n<div>Nuestra caja de cart\u00f3n est\u00e1 hecha de madera prensada de 5 capas (papel corrugado) y la bolsa interior de PE se mantiene alejada de la humedad y el polvo. EPE s\u00faper grueso, lleno de elasticidad, reduce y evita golpes durante la log\u00edstica y entrega urgente (evitamos usar EPS, Whi no es degradable, de hecho, tiene grandes problemas ambientales)<\/div>\n<h4><em><strong>Otra informaci\u00f3n: <\/strong><\/em><\/h4>\n<div>Caj\u00f3n de efectivo hecho en China, aceptamos requisitos personalizados, como logotipo, voltaje, interfaz, etc.<\/div>\n<div><\/div>\n<div>\n<h4><strong><em>Algunas ventajas:<\/em><\/strong><\/h4>\n<p>El tipo econ\u00f3mico no significa que el precio del caj\u00f3n de efectivo sea bajo o de baja calidad, sino que la estructura es m\u00e1s simple. Al contrario, significa que la funci\u00f3n es m\u00e1s estable y nuestros requisitos de calidad siempre han sido altos. Con nervaduras reforzadas instaladas, su estructura ultrarresistente tiene una mayor capacidad de carga que el caj\u00f3n portamonedas similar de otros proveedores. Adem\u00e1s, aunque es un caj\u00f3n de efectivo de estructura simple, todav\u00eda hacemos lo mejor para asegurarnos de alta calidad, por lo que hay complementos de parada dentro del caj\u00f3n de efectivo, lo que mejora en gran medida la seguridad del transporte.<\/p>\n<\/div>\n<\/div>\n<div><a href=\"https:\/\/www.cashdrawers.cn\/es\/contacts\/\">Contactanos para mas detalles<\/a><\/div>\n<blockquote class=\"wp-embedded-content\" data-secret=\"Yzce2xO4GA\"><p><a href=\"https:\/\/www.cashdrawers.cn\/es\/producto\/410mm-24v-cash-register-drawer\/\">Caj\u00f3n de caja registradora de 410 mm y 24 V<\/a><\/p><\/blockquote>\n<p><iframe class=\"wp-embedded-content\" sandbox=\"allow-scripts\" security=\"restricted\" style=\"position: absolute; clip: rect(1px, 1px, 1px, 1px);\" title=\"&#8220;410mm 24V Cash Register Drawer&#8221; &#8212; Kustal Cash Drawer\" src=\"https:\/\/www.cashdrawers.cn\/product\/410mm-24v-cash-register-drawer\/embed\/#?secret=Yzce2xO4GA\" data-secret=\"Yzce2xO4GA\" width=\"600\" height=\"338\" frameborder=\"0\" marginwidth=\"0\" marginheight=\"0\" scrolling=\"no\"><\/iframe><\/p>","protected":false},"excerpt":{"rendered":"<p>Cheap Cash Drawer<\/p>\n<ul>\n<li>13 (W) x 13.7 (D) x 3.54 (H) pulgadas<\/li>\n<li>4 billetes de 5 monedas<\/li>\n<li>All-IN-ONE Insert &amp; Removable Coin Case<\/li>\n<li>Interfaz: RJ11 desmontable<\/li>\n<li>Unidad de solenoide con 24 V<\/li>\n<li>Net Weight: 3.6kg<\/li>\n<li>1pcs \/ caja de cart\u00f3n como est\u00e1ndar<\/li>\n<li>Gross Weight:4.2kg<\/li>\n<li><\/li>\n<\/ul>","protected":false},"featured_media":2494,"comment_status":"open","ping_status":"closed","template":"","meta":[],"product_cat":[54,53,41],"product_tag":[113,111,110,112,109,71,108],"yoast_head":"<!-- This site is optimized with the Yoast SEO Premium plugin v15.2 - https:\/\/yoast.com\/wordpress\/plugins\/seo\/ -->\n<title>Cheap Cash Drawer 12V Connected RJ11 330mm POS Drawer<\/title>\n<meta name=\"description\" content=\"Cheap Cash Drawer, with 4B5C All-In-One Plastic Insert, Removable Coin Case, 12V DC, Connected RJ11, Fine Surface texture, Safe packing.\" \/>\n<meta name=\"robots\" content=\"index, follow, max-snippet:-1, max-image-preview:large, max-video-preview:-1\" \/>\n<link rel=\"canonical\" href=\"https:\/\/www.cashdrawers.cn\/es\/producto\/cheap-cash-drawer-12v-connected-rj11-330mm-pos-drawer\/\" \/>\n<meta property=\"og:locale\" content=\"es_ES\" \/>\n<meta property=\"og:type\" content=\"article\" \/>\n<meta property=\"og:title\" content=\"Cheap Cash Drawer 12V Connected RJ11 330mm POS Drawer\" \/>\n<meta property=\"og:description\" content=\"Cheap Cash Drawer, with 4B5C All-In-One Plastic Insert, Removable Coin Case, 12V DC, Connected RJ11, Fine Surface texture, Safe packing.\" \/>\n<meta property=\"og:url\" content=\"https:\/\/www.cashdrawers.cn\/es\/producto\/cheap-cash-drawer-12v-connected-rj11-330mm-pos-drawer\/\" \/>\n<meta property=\"og:site_name\" content=\"Kustal Cash Drawer\" \/>\n<meta property=\"article:publisher\" content=\"https:\/\/www.facebook.com\/kustal.cash.drawer\" \/>\n<meta property=\"article:modified_time\" content=\"2022-03-21T02:10:29+00:00\" \/>\n<meta property=\"og:image\" content=\"https:\/\/www.cashdrawers.cn\/wp-content\/uploads\/2021\/01\/kst-330e-cash-drawer.jpg\" \/>\n\t<meta property=\"og:image:width\" content=\"800\" \/>\n\t<meta property=\"og:image:height\" content=\"800\" \/>\n<meta name=\"twitter:card\" content=\"summary_large_image\" \/>\n<meta name=\"twitter:label1\" value=\"Precio\">\n\t<meta name=\"twitter:data1\" value=\"\">\n\t<meta name=\"twitter:label2\" value=\"Availability\">\n\t<meta name=\"twitter:data2\" value=\"In stock\">\n<script type=\"application\/ld+json\" class=\"yoast-schema-graph\">{\"@context\":\"https:\/\/schema.org\",\"@graph\":[{\"@type\":\"WebSite\",\"@id\":\"https:\/\/www.cashdrawers.cn\/es\/#website\",\"url\":\"https:\/\/www.cashdrawers.cn\/es\/\",\"name\":\"Kustal Cash Drawer\",\"description\":\"Cash Drawer Manufacturer\",\"potentialAction\":[{\"@type\":\"SearchAction\",\"target\":\"https:\/\/www.cashdrawers.cn\/es\/?s={search_term_string}\",\"query-input\":\"required name=search_term_string\"}],\"inLanguage\":\"es\"},{\"@type\":\"ImageObject\",\"@id\":\"https:\/\/www.cashdrawers.cn\/es\/producto\/cheap-cash-drawer-12v-connected-rj11-330mm-pos-drawer\/#primaryimage\",\"inLanguage\":\"es\",\"url\":\"https:\/\/www.cashdrawers.cn\/wp-content\/uploads\/2021\/01\/kst-330e-cash-drawer.jpg\",\"width\":800,\"height\":800,\"caption\":\"kst-330e mini eocnomical cash drawer\"},{\"@type\":[\"WebPage\",\"ItemPage\"],\"@id\":\"https:\/\/www.cashdrawers.cn\/es\/producto\/cheap-cash-drawer-12v-connected-rj11-330mm-pos-drawer\/#webpage\",\"url\":\"https:\/\/www.cashdrawers.cn\/es\/producto\/cheap-cash-drawer-12v-connected-rj11-330mm-pos-drawer\/\",\"name\":\"Cheap Cash Drawer 12V Connected RJ11 330mm POS Drawer\",\"isPartOf\":{\"@id\":\"https:\/\/www.cashdrawers.cn\/es\/#website\"},\"primaryImageOfPage\":{\"@id\":\"https:\/\/www.cashdrawers.cn\/es\/producto\/cheap-cash-drawer-12v-connected-rj11-330mm-pos-drawer\/#primaryimage\"},\"datePublished\":\"2021-01-18T07:05:02+00:00\",\"dateModified\":\"2022-03-21T02:10:29+00:00\",\"description\":\"Cheap Cash Drawer, with 4B5C All-In-One Plastic Insert, Removable Coin Case, 12V DC, Connected RJ11, Fine Surface texture, Safe packing.\",\"inLanguage\":\"es\",\"potentialAction\":[{\"@type\":\"ReadAction\",\"target\":[\"https:\/\/www.cashdrawers.cn\/es\/producto\/cheap-cash-drawer-12v-connected-rj11-330mm-pos-drawer\/\"]}]},{\"@type\":\"Place\",\"@id\":\"https:\/\/www.cashdrawers.cn\/es\/producto\/cheap-cash-drawer-12v-connected-rj11-330mm-pos-drawer\/#local-place\",\"address\":{\"@type\":\"PostalAddress\",\"@id\":\"https:\/\/www.cashdrawers.cn\/es\/producto\/cheap-cash-drawer-12v-connected-rj11-330mm-pos-drawer\/#local-place-address\",\"streetAddress\":\"Lianmei Road No. 39, Lianhua Industrial Zone, TongAn District\",\"addressLocality\":\"Xiamen\",\"postalCode\":\"361108\",\"addressRegion\":\"Fujian\",\"addressCountry\":\"CN\"},\"geo\":{\"@type\":\"GeoCoordinates\",\"latitude\":\"24.74174505\",\"longitude\":\"118.07491779\"},\"openingHoursSpecification\":[{\"@type\":\"OpeningHoursSpecification\",\"dayOfWeek\":[\"Friday\",\"Saturday\",\"Sunday\",\"Monday\",\"Tuesday\",\"Wednesday\",\"Thursday\"],\"opens\":\"09:00\",\"closes\":\"17:00\"}],\"telephone\":\"+865927029406\",\"faxNumber\":\"Xiamen Kustal Technology Co., Ltd\"}]}<\/script>\n<meta name=\"geo.placename\" content=\"Xiamen\" \/>\n<meta name=\"geo.position\" content=\"24.74174505;118.07491779\" \/>\n<meta name=\"geo.region\" content=\"China\" \/>\n<!-- \/ Yoast SEO Premium plugin. -->","_links":{"self":[{"href":"https:\/\/www.cashdrawers.cn\/es\/wp-json\/wp\/v2\/product\/2499"}],"collection":[{"href":"https:\/\/www.cashdrawers.cn\/es\/wp-json\/wp\/v2\/product"}],"about":[{"href":"https:\/\/www.cashdrawers.cn\/es\/wp-json\/wp\/v2\/types\/product"}],"replies":[{"embeddable":true,"href":"https:\/\/www.cashdrawers.cn\/es\/wp-json\/wp\/v2\/comments?post=2499"}],"version-history":[{"count":1,"href":"https:\/\/www.cashdrawers.cn\/es\/wp-json\/wp\/v2\/product\/2499\/revisions"}],"predecessor-version":[{"id":2500,"href":"https:\/\/www.cashdrawers.cn\/es\/wp-json\/wp\/v2\/product\/2499\/revisions\/2500"}],"wp:featuredmedia":[{"embeddable":true,"href":"https:\/\/www.cashdrawers.cn\/es\/wp-json\/wp\/v2\/media\/2494"}],"wp:attachment":[{"href":"https:\/\/www.cashdrawers.cn\/es\/wp-json\/wp\/v2\/media?parent=2499"}],"wp:term":[{"taxonomy":"product_cat","embeddable":true,"href":"https:\/\/www.cashdrawers.cn\/es\/wp-json\/wp\/v2\/product_cat?post=2499"},{"taxonomy":"product_tag","embeddable":true,"href":"https:\/\/www.cashdrawers.cn\/es\/wp-json\/wp\/v2\/product_tag?post=2499"}],"curies":[{"name":"wp","href":"https:\/\/api.w.org\/{rel}","templated":true}]}}