{"id":2501,"date":"2021-01-17T23:36:50","date_gmt":"2021-01-18T07:36:50","guid":{"rendered":"https:\/\/www.cashdrawers.cn\/?post_type=product&#038;p=2501"},"modified":"2022-03-20T17:59:36","modified_gmt":"2022-03-21T01:59:36","slug":"9bill-cash-drawer-vietnam-cambodia-mongolia-customized-version-of-the-cash-box","status":"publish","type":"product","link":"https:\/\/www.cashdrawers.cn\/es\/producto\/9bill-cash-drawer-vietnam-cambodia-mongolia-customized-version-of-the-cash-box\/","title":{"rendered":"Caja de efectivo 9Bill, Vietnam, Camboya, Mongolia versi\u00f3n personalizada de la caja de efectivo"},"content":{"rendered":"<h3>Caja de efectivo 9Bill, Vietnam, Camboya, Mongolia versi\u00f3n personalizada de la caja de efectivo<\/h3>\n<div>Este es un caj\u00f3n de efectivo econ\u00f3mico de 410 mm para su sistema pos. Tiene un inserto de pl\u00e1stico todo en uno (incluye bandeja de efectivo y estuche para monedas, sin bandeja de metal), hecho de material HIPS \/ ABS de alta calidad, es conveniente para los usuarios usarlo si no tienen demanda de sacar la bandeja cuando terminan el trabajo. La carcasa superior es de acero laminado en fr\u00edo de 0,8 mm de espesor, por lo tanto, es todo un caj\u00f3n de efectivo de estructura met\u00e1lica, sin embargo, para asegurarnos de que el caj\u00f3n de efectivo sea m\u00e1s fuerte y resistente, tambi\u00e9n lo instalamos con nervaduras. La parte inferior del caj\u00f3n de efectivo es con SGCC o SECC, es muy popular. Al mismo tiempo, el tratamiento superficial de alta calidad, varios colores y texturas est\u00e1n disponibles, todos los detalles son de alta calidad. Este caj\u00f3n de efectivo econ\u00f3mico es uno de nuestros m\u00e1s vendidos.<\/div>\n<div>\n<p class=\"magic-7\" data-spm-anchor-id=\"a2700.details.pronpeci14.i0.59fd1d2dbtmkGV\">Este producto es un caj\u00f3n de efectivo de rodillos como puede ver, modelo popular en el mercado pos, por lo tanto, es con rodillos de cojinetes de bolas de alta resistencia. Basado en \u00e9l, el caj\u00f3n de efectivo se puede sacar o empujar f\u00e1cilmente hacia adelante. Y el actuador interno (mecanismo de bloqueo) adopta el dise\u00f1o m\u00e1s razonable, que es muy suave y tiene una alta estabilidad. Este es tambi\u00e9n uno de los dise\u00f1os m\u00e1s avanzados de China, tenemos las patentes.<\/p>\n<\/div>\n<div>\n<div>\n<h4><em><strong>Con respecto al proceso de pintura:<\/strong><\/em><\/h4>\n<p>Este caj\u00f3n de efectivo tiene una capa de polvo h\u00edbrida texturizada. El color est\u00e1ndar es el negro mate. Tambi\u00e9n podemos utilizar otros procesos de horneado y colores seg\u00fan las necesidades. Por ejemplo, negro brillante, beige, blanco brillante u otros colores.<\/p>\n<\/div>\n<h4><em><strong>Respecto al embalaje: <\/strong><\/em><\/h4>\n<div>Nuestra caja de cart\u00f3n est\u00e1 hecha de madera prensada de 5 capas (papel corrugado) y la bolsa interior de PE se mantiene alejada de la humedad y el polvo. EPE s\u00faper grueso, lleno de elasticidad, reduce y evita golpes durante la log\u00edstica y entrega urgente (evitamos usar EPS, Whi no es degradable, de hecho, tiene grandes problemas ambientales)<\/div>\n<h4><em><strong>Otra informaci\u00f3n: <\/strong><\/em><\/h4>\n<div>Caj\u00f3n de efectivo hecho en China, aceptamos requisitos personalizados, como logotipo, voltaje, interfaz, etc.<\/div>\n<div><\/div>\n<div>\n<h4><strong><em>Algunas ventajas:<\/em><\/strong><\/h4>\n<p>El tipo econ\u00f3mico no significa que el precio del caj\u00f3n de efectivo sea bajo o de baja calidad, sino que la estructura es m\u00e1s simple. Al contrario, significa que la funci\u00f3n es m\u00e1s estable y nuestros requisitos de calidad siempre han sido altos. Con nervaduras reforzadas instaladas, su estructura ultrarresistente tiene una mayor capacidad de carga que el caj\u00f3n portamonedas similar de otros proveedores. Adem\u00e1s, aunque es un caj\u00f3n de efectivo de estructura simple, todav\u00eda hacemos lo mejor para asegurarnos de alta calidad, por lo que hay complementos de parada dentro del caj\u00f3n de efectivo, lo que mejora en gran medida la seguridad del transporte.<\/p>\n<p>Una ventaja importante, este panel frontal del caj\u00f3n de efectivo es de metal, \u00a1de buena calidad!<\/p>\n<\/div>\n<\/div>\n<div><a href=\"https:\/\/www.cashdrawers.cn\/es\/contacts\/\">Contactanos para mas detalles<\/a><\/div>\n<blockquote class=\"wp-embedded-content\" data-secret=\"IxV4MBWRYF\"><p><a href=\"https:\/\/www.cashdrawers.cn\/es\/producto\/410mm-24v-cash-register-drawer\/\">Caj\u00f3n de caja registradora de 410 mm y 24 V<\/a><\/p><\/blockquote>\n<p><iframe class=\"wp-embedded-content\" sandbox=\"allow-scripts\" security=\"restricted\" style=\"position: absolute; clip: rect(1px, 1px, 1px, 1px);\" title=\"&#8220;410mm 24V Cash Register Drawer&#8221; &#8212; Kustal Cash Drawer\" src=\"https:\/\/www.cashdrawers.cn\/product\/410mm-24v-cash-register-drawer\/embed\/#?secret=IxV4MBWRYF\" data-secret=\"IxV4MBWRYF\" width=\"600\" height=\"338\" frameborder=\"0\" marginwidth=\"0\" marginheight=\"0\" scrolling=\"no\"><\/iframe><\/p>","protected":false},"excerpt":{"rendered":"<p>Caj\u00f3n de efectivo de metal<\/p>\n<ul>\n<li>16,1 (ancho) x 16,5 (profundidad) x 3,9 (alto) pulgadas<\/li>\n<li>9 Billetes 0 Moneda<\/li>\n<li>Inserto de pl\u00e1stico todo en uno (inserto de efectivo y monedas)<\/li>\n<li>Interfaz: RJ12<\/li>\n<li>Unidad de solenoide con 12V<\/li>\n<li>Peso neto: 6.0kg<\/li>\n<li>1pcs \/ caja de cart\u00f3n como est\u00e1ndar<\/li>\n<li>Peso bruto: 7.0kg<\/li>\n<\/ul>","protected":false},"featured_media":2502,"comment_status":"open","ping_status":"closed","template":"","meta":[],"product_cat":[53,41],"product_tag":[99,71,101,98,64,100],"yoast_head":"<!-- This site is optimized with the Yoast SEO Premium plugin v15.2 - https:\/\/yoast.com\/wordpress\/plugins\/seo\/ -->\n<title>9Bill Cash Drawer Vietnam, Cambodia, Mongolia customized version<\/title>\n<meta name=\"description\" content=\"9bill Cash Drawer, with 9 notes, All-In-One Plastic Insert, Removable Coin Case, 12V DC, Connected RJ12, Fine Surface texture, Safe packing.\" \/>\n<meta name=\"robots\" content=\"index, follow, max-snippet:-1, max-image-preview:large, max-video-preview:-1\" \/>\n<link rel=\"canonical\" href=\"https:\/\/www.cashdrawers.cn\/es\/producto\/9bill-cash-drawer-vietnam-cambodia-mongolia-customized-version-of-the-cash-box\/\" \/>\n<meta property=\"og:locale\" content=\"es_ES\" \/>\n<meta property=\"og:type\" content=\"article\" \/>\n<meta property=\"og:title\" content=\"9Bill Cash Drawer Vietnam, Cambodia, Mongolia customized version\" \/>\n<meta property=\"og:description\" content=\"9bill Cash Drawer, with 9 notes, All-In-One Plastic Insert, Removable Coin Case, 12V DC, Connected RJ12, Fine Surface texture, Safe packing.\" \/>\n<meta property=\"og:url\" content=\"https:\/\/www.cashdrawers.cn\/es\/producto\/9bill-cash-drawer-vietnam-cambodia-mongolia-customized-version-of-the-cash-box\/\" \/>\n<meta property=\"og:site_name\" content=\"Kustal Cash Drawer\" \/>\n<meta property=\"article:publisher\" content=\"https:\/\/www.facebook.com\/kustal.cash.drawer\" \/>\n<meta property=\"article:modified_time\" content=\"2022-03-21T01:59:36+00:00\" \/>\n<meta property=\"og:image\" content=\"https:\/\/www.cashdrawers.cn\/wp-content\/uploads\/2021\/01\/kst-410-cash-drawer.jpg\" \/>\n\t<meta property=\"og:image:width\" content=\"800\" \/>\n\t<meta property=\"og:image:height\" content=\"800\" \/>\n<meta name=\"twitter:card\" content=\"summary_large_image\" \/>\n<meta name=\"twitter:label1\" value=\"Precio\">\n\t<meta name=\"twitter:data1\" value=\"\">\n\t<meta name=\"twitter:label2\" value=\"Availability\">\n\t<meta name=\"twitter:data2\" value=\"In stock\">\n<script type=\"application\/ld+json\" class=\"yoast-schema-graph\">{\"@context\":\"https:\/\/schema.org\",\"@graph\":[{\"@type\":\"WebSite\",\"@id\":\"https:\/\/www.cashdrawers.cn\/es\/#website\",\"url\":\"https:\/\/www.cashdrawers.cn\/es\/\",\"name\":\"Kustal Cash Drawer\",\"description\":\"Cash Drawer Manufacturer\",\"potentialAction\":[{\"@type\":\"SearchAction\",\"target\":\"https:\/\/www.cashdrawers.cn\/es\/?s={search_term_string}\",\"query-input\":\"required name=search_term_string\"}],\"inLanguage\":\"es\"},{\"@type\":\"ImageObject\",\"@id\":\"https:\/\/www.cashdrawers.cn\/product\/9bill-cash-drawer-vietnam-cambodia-mongolia-customized-version-of-the-cash-box\/#primaryimage\",\"inLanguage\":\"es\",\"url\":\"https:\/\/www.cashdrawers.cn\/wp-content\/uploads\/2021\/01\/kst-410-cash-drawer.jpg\",\"width\":800,\"height\":800,\"caption\":\"9 Bill cash drawer\"},{\"@type\":[\"WebPage\",\"ItemPage\"],\"@id\":\"https:\/\/www.cashdrawers.cn\/product\/9bill-cash-drawer-vietnam-cambodia-mongolia-customized-version-of-the-cash-box\/#webpage\",\"url\":\"https:\/\/www.cashdrawers.cn\/product\/9bill-cash-drawer-vietnam-cambodia-mongolia-customized-version-of-the-cash-box\/\",\"name\":\"9Bill Cash Drawer Vietnam, Cambodia, Mongolia customized version\",\"isPartOf\":{\"@id\":\"https:\/\/www.cashdrawers.cn\/es\/#website\"},\"primaryImageOfPage\":{\"@id\":\"https:\/\/www.cashdrawers.cn\/product\/9bill-cash-drawer-vietnam-cambodia-mongolia-customized-version-of-the-cash-box\/#primaryimage\"},\"datePublished\":\"2021-01-18T07:36:50+00:00\",\"dateModified\":\"2022-03-21T01:59:36+00:00\",\"description\":\"9bill Cash Drawer, with 9 notes, All-In-One Plastic Insert, Removable Coin Case, 12V DC, Connected RJ12, Fine Surface texture, Safe packing.\",\"inLanguage\":\"es\",\"potentialAction\":[{\"@type\":\"ReadAction\",\"target\":[\"https:\/\/www.cashdrawers.cn\/product\/9bill-cash-drawer-vietnam-cambodia-mongolia-customized-version-of-the-cash-box\/\"]}]},{\"@type\":\"Place\",\"@id\":\"https:\/\/www.cashdrawers.cn\/product\/9bill-cash-drawer-vietnam-cambodia-mongolia-customized-version-of-the-cash-box\/#local-place\",\"address\":{\"@type\":\"PostalAddress\",\"@id\":\"https:\/\/www.cashdrawers.cn\/product\/9bill-cash-drawer-vietnam-cambodia-mongolia-customized-version-of-the-cash-box\/#local-place-address\",\"streetAddress\":\"Lianmei Road No. 39, Lianhua Industrial Zone, TongAn District\",\"addressLocality\":\"Xiamen\",\"postalCode\":\"361108\",\"addressRegion\":\"Fujian\",\"addressCountry\":\"CN\"},\"geo\":{\"@type\":\"GeoCoordinates\",\"latitude\":\"24.74174505\",\"longitude\":\"118.07491779\"},\"openingHoursSpecification\":[{\"@type\":\"OpeningHoursSpecification\",\"dayOfWeek\":[\"Friday\",\"Saturday\",\"Sunday\",\"Monday\",\"Tuesday\",\"Wednesday\",\"Thursday\"],\"opens\":\"09:00\",\"closes\":\"17:00\"}],\"telephone\":\"+865927029406\",\"faxNumber\":\"Xiamen Kustal Technology Co., Ltd\"}]}<\/script>\n<meta name=\"geo.placename\" content=\"Xiamen\" \/>\n<meta name=\"geo.position\" content=\"24.74174505;118.07491779\" \/>\n<meta name=\"geo.region\" content=\"China\" \/>\n<!-- \/ Yoast SEO Premium plugin. -->","_links":{"self":[{"href":"https:\/\/www.cashdrawers.cn\/es\/wp-json\/wp\/v2\/product\/2501"}],"collection":[{"href":"https:\/\/www.cashdrawers.cn\/es\/wp-json\/wp\/v2\/product"}],"about":[{"href":"https:\/\/www.cashdrawers.cn\/es\/wp-json\/wp\/v2\/types\/product"}],"replies":[{"embeddable":true,"href":"https:\/\/www.cashdrawers.cn\/es\/wp-json\/wp\/v2\/comments?post=2501"}],"version-history":[{"count":2,"href":"https:\/\/www.cashdrawers.cn\/es\/wp-json\/wp\/v2\/product\/2501\/revisions"}],"predecessor-version":[{"id":3524,"href":"https:\/\/www.cashdrawers.cn\/es\/wp-json\/wp\/v2\/product\/2501\/revisions\/3524"}],"wp:featuredmedia":[{"embeddable":true,"href":"https:\/\/www.cashdrawers.cn\/es\/wp-json\/wp\/v2\/media\/2502"}],"wp:attachment":[{"href":"https:\/\/www.cashdrawers.cn\/es\/wp-json\/wp\/v2\/media?parent=2501"}],"wp:term":[{"taxonomy":"product_cat","embeddable":true,"href":"https:\/\/www.cashdrawers.cn\/es\/wp-json\/wp\/v2\/product_cat?post=2501"},{"taxonomy":"product_tag","embeddable":true,"href":"https:\/\/www.cashdrawers.cn\/es\/wp-json\/wp\/v2\/product_tag?post=2501"}],"curies":[{"name":"wp","href":"https:\/\/api.w.org\/{rel}","templated":true}]}}