{"id":2534,"date":"2021-03-19T20:04:55","date_gmt":"2021-03-20T04:04:55","guid":{"rendered":"https:\/\/www.cashdrawers.cn\/?post_type=product&#038;p=2534"},"modified":"2024-11-07T21:10:08","modified_gmt":"2024-11-08T05:10:08","slug":"16-inch-24v-epson-rj12-electronic-cash-drawer","status":"publish","type":"product","link":"https:\/\/www.cashdrawers.cn\/es\/producto\/16-inch-24v-epson-rj12-electronic-cash-drawer\/","title":{"rendered":"Caj\u00f3n portamonedas electr\u00f3nico EPSON RJ12 de 16 pulgadas y 24 V"},"content":{"rendered":"<h1>Caj\u00f3n portamonedas electr\u00f3nico EPSON RJ12 de 16 pulgadas y 24 V<\/h1>\n<div>Este es un caj\u00f3n de efectivo electr\u00f3nico de 16 pulgadas para su sistema pos. Tiene forma cuadrada, la carcasa superior est\u00e1 hecha de acero laminado en fr\u00edo de calibre 0,8 mm. Para asegurarnos de que el caj\u00f3n de efectivo sea m\u00e1s fuerte y resistente, tambi\u00e9n soldamos la carcasa con nervaduras. La parte inferior del caj\u00f3n de efectivo es con SGCC o SECC. La bandeja de efectivo interna se puede sacar, hecha de material HIPS \/ ABS de alta calidad. Es conveniente para los usuarios sacarla cuando est\u00e1n fuera del trabajo y contar el efectivo de manera segura. Al mismo tiempo, el tratamiento superficial de alta calidad, varios colores y texturas est\u00e1n disponibles, todos los detalles son de alta calidad. Este caj\u00f3n de la caja registradora es nuestro caj\u00f3n Pos m\u00e1s popular.<\/div>\n<div><\/div>\n<div>\n<p class=\"magic-7\" data-spm-anchor-id=\"a2700.details.pronpeci14.i0.59fd1d2dbtmkGV\">Este caj\u00f3n electr\u00f3nico es un caj\u00f3n de efectivo de rodillos, modelo popular en el mercado pos, por lo que es con rodillos de rodamientos de bolas de alta resistencia. Basado en \u00e9l, el caj\u00f3n de efectivo se puede sacar o empujar f\u00e1cilmente hacia adelante. Y el actuador interno (mecanismo de bloqueo) adopta el dise\u00f1o m\u00e1s razonable, que es muy suave y tiene una alta estabilidad. Este es tambi\u00e9n uno de los dise\u00f1os m\u00e1s avanzados de China, tenemos las patentes.<\/p>\n<\/div>\n<div>\n<div>\n<h4><em><strong>Con respecto al proceso de pintura:<\/strong><\/em><\/h4>\n<p>Este caj\u00f3n de efectivo electr\u00f3nico tiene una capa de polvo h\u00edbrida texturizada. El color est\u00e1ndar es el negro mate. Tambi\u00e9n podemos utilizar otros procesos de horneado y colores seg\u00fan las necesidades. Por ejemplo, negro brillante, beige, blanco brillante u otros colores.<\/p>\n<\/div>\n<h4><em><strong>Respecto al embalaje: <\/strong><\/em><\/h4>\n<div>Nuestra caja de cart\u00f3n est\u00e1 hecha de madera prensada de 5 capas (papel corrugado) y la bolsa interior de PE se mantiene alejada de la humedad y el polvo. EPE s\u00faper grueso, lleno de elasticidad, reduce y evita golpes durante la log\u00edstica y entrega urgente (evitamos usar EPS, Whi no es degradable, de hecho, tiene grandes problemas ambientales)<\/div>\n<h4><em><strong>Otra informaci\u00f3n: <\/strong><\/em><\/h4>\n<div>\u041c\u044b \u043f\u0440\u0438\u043d\u0438\u043c\u0430\u0435\u043c \u0438\u043d\u0434\u0438\u0432\u0438\u0434\u0443\u0430\u043b\u044c\u043d\u044b\u0435 \u0442\u0440\u0435\u0431\u043e\u0432\u0430\u043d\u0438\u044f, \u0442\u0430\u043a\u0438\u0435 \u043a\u0430\u043a \u043b\u043e\u0433\u043e\u0442\u0438\u043f, \u043d\u0430\u043f\u0440\u044f\u0436\u0435\u043d\u0438\u0435, \u0438\u043d\u0442\u0435\u0440\u0444\u0435\u0439\u0441 \u0438 \u0442. \u0434.<\/div>\n<div><\/div>\n<div>\n<h4><strong><em>Algunas ventajas:<\/em><\/strong><\/h4>\n<p>Installed reinforced ribs, The ultra-sturdy structure has greater load-bearing capacity than the same type of electronic cash drawer. In addition, there are stop add-ons inside the cash drawer, which greatly improves the safety of transportation.<\/p>\n<\/div>\n<\/div>\n<div><\/div>\n<div><a href=\"https:\/\/www.cashdrawers.cn\/es\/contacts\/\">Contactanos para mas detalles<\/a><\/div>\n<div><\/div>\n<div><\/div>\n<p data-spm-anchor-id=\"a2700.details.pronpeci14.i0.59fd1d2dbtmkGV\"><img class=\"alignnone size-full wp-image-1854\" src=\"https:\/\/www.cashdrawers.cn\/wp-content\/uploads\/2020\/10\/Roller-cash-register-drawer.jpg\" alt=\"\" width=\"896\" height=\"431\" srcset=\"https:\/\/www.cashdrawers.cn\/wp-content\/uploads\/2020\/10\/Roller-cash-register-drawer.jpg 896w, https:\/\/www.cashdrawers.cn\/wp-content\/uploads\/2020\/10\/Roller-cash-register-drawer-300x144.jpg 300w, https:\/\/www.cashdrawers.cn\/wp-content\/uploads\/2020\/10\/Roller-cash-register-drawer-768x369.jpg 768w, https:\/\/www.cashdrawers.cn\/wp-content\/uploads\/2020\/10\/Roller-cash-register-drawer-285x137.jpg 285w, https:\/\/www.cashdrawers.cn\/wp-content\/uploads\/2020\/10\/Roller-cash-register-drawer-660x317.jpg 660w, https:\/\/www.cashdrawers.cn\/wp-content\/uploads\/2020\/10\/Roller-cash-register-drawer-150x72.jpg 150w\" sizes=\"(max-width: 896px) 100vw, 896px\" \/><\/p>\n<blockquote class=\"wp-embedded-content\" data-secret=\"KygpZPqe8T\"><p><a href=\"https:\/\/www.cashdrawers.cn\/es\/producto\/410mm-24v-cash-register-drawer\/\">Caj\u00f3n de caja registradora de 410 mm y 24 V<\/a><\/p><\/blockquote>\n<p><iframe class=\"wp-embedded-content\" sandbox=\"allow-scripts\" security=\"restricted\" style=\"position: absolute; clip: rect(1px, 1px, 1px, 1px);\" title=\"&#8220;410mm 24V Cash Register Drawer&#8221; &#8212; Kustal Cash Drawer\" src=\"https:\/\/www.cashdrawers.cn\/product\/410mm-24v-cash-register-drawer\/embed\/#?secret=KygpZPqe8T\" data-secret=\"KygpZPqe8T\" width=\"600\" height=\"338\" frameborder=\"0\" marginwidth=\"0\" marginheight=\"0\" scrolling=\"no\"><\/iframe><\/p>\n<blockquote class=\"wp-embedded-content\" data-secret=\"YFOlJ1FlMY\"><p><a href=\"https:\/\/www.cashdrawers.cn\/es\/producto\/ultra-quiet-quality-medium-sized-thick-slide-cash-drawer\/\">Caj\u00f3n portamonedas deslizante grueso de tama\u00f1o mediano de calidad ultra silenciosa<\/a><\/p><\/blockquote>\n<p><iframe class=\"wp-embedded-content\" sandbox=\"allow-scripts\" security=\"restricted\" style=\"position: absolute; clip: rect(1px, 1px, 1px, 1px);\" title=\"&#8220;Ultra-Quiet Quality Medium-Sized Thick Slide Cash Drawer&#8221; &#8212; Kustal Cash Drawer\" src=\"https:\/\/www.cashdrawers.cn\/product\/ultra-quiet-quality-medium-sized-thick-slide-cash-drawer\/embed\/#?secret=YFOlJ1FlMY\" data-secret=\"YFOlJ1FlMY\" width=\"600\" height=\"338\" frameborder=\"0\" marginwidth=\"0\" marginheight=\"0\" scrolling=\"no\"><\/iframe><\/p>","protected":false},"excerpt":{"rendered":"<p>&nbsp;<\/p>\n<ul>\n<li>16,1 (ancho) x 16,5 (profundidad) x 3,9 (alto) pulgadas<\/li>\n<li>5 billetes 8 monedas<\/li>\n<li>Bandeja de efectivo extra\u00edble y estuche para monedas<\/li>\n<li>Interfaz: RJ12<\/li>\n<li>Unidad de solenoide con 24 V<\/li>\n<li>Peso neto: 7.0kg<\/li>\n<li>1pcs \/ caja de cart\u00f3n como est\u00e1ndar<\/li>\n<li>Peso bruto: 8.0kg<\/li>\n<\/ul>","protected":false},"featured_media":2702,"comment_status":"open","ping_status":"closed","template":"","meta":[],"product_cat":[41],"product_tag":[80,82,81,83,46],"yoast_head":"<!-- This site is optimized with the Yoast SEO Premium plugin v15.2 - https:\/\/yoast.com\/wordpress\/plugins\/seo\/ -->\n<title>Electronic Cash Drawer with 16 inch 24V EPSON RJ12<\/title>\n<meta name=\"description\" content=\"Electronic Cash Drawer, with 5B8C Cash Tray, Solenoid with 24V DC, And RJ11 Interface, Fine Surface texture, Safe packing.\" \/>\n<meta name=\"robots\" content=\"index, follow, max-snippet:-1, max-image-preview:large, max-video-preview:-1\" \/>\n<link rel=\"canonical\" href=\"https:\/\/www.cashdrawers.cn\/es\/producto\/16-inch-24v-epson-rj12-electronic-cash-drawer\/\" \/>\n<meta property=\"og:locale\" content=\"es_ES\" \/>\n<meta property=\"og:type\" content=\"article\" \/>\n<meta property=\"og:title\" content=\"Electronic Cash Drawer with 16 inch 24V EPSON RJ12\" \/>\n<meta property=\"og:description\" content=\"Electronic Cash Drawer, with 5B8C Cash Tray, Solenoid with 24V DC, And RJ11 Interface, Fine Surface texture, Safe packing.\" \/>\n<meta property=\"og:url\" content=\"https:\/\/www.cashdrawers.cn\/es\/producto\/16-inch-24v-epson-rj12-electronic-cash-drawer\/\" \/>\n<meta property=\"og:site_name\" content=\"Kustal Cash Drawer\" \/>\n<meta property=\"article:publisher\" content=\"https:\/\/www.facebook.com\/kustal.cash.drawer\" \/>\n<meta property=\"article:modified_time\" content=\"2024-11-08T05:10:08+00:00\" \/>\n<meta property=\"og:image\" content=\"https:\/\/www.cashdrawers.cn\/wp-content\/uploads\/2021\/03\/KST-410R\u5206\u89e31.jpg\" \/>\n\t<meta property=\"og:image:width\" content=\"640\" \/>\n\t<meta property=\"og:image:height\" content=\"640\" \/>\n<meta name=\"twitter:card\" content=\"summary_large_image\" \/>\n<meta name=\"twitter:label1\" value=\"Precio\">\n\t<meta name=\"twitter:data1\" value=\"\">\n\t<meta name=\"twitter:label2\" value=\"Availability\">\n\t<meta name=\"twitter:data2\" value=\"In stock\">\n<script type=\"application\/ld+json\" class=\"yoast-schema-graph\">{\"@context\":\"https:\/\/schema.org\",\"@graph\":[{\"@type\":\"WebSite\",\"@id\":\"https:\/\/www.cashdrawers.cn\/es\/#website\",\"url\":\"https:\/\/www.cashdrawers.cn\/es\/\",\"name\":\"Kustal Cash Drawer\",\"description\":\"Cash Drawer Manufacturer\",\"potentialAction\":[{\"@type\":\"SearchAction\",\"target\":\"https:\/\/www.cashdrawers.cn\/es\/?s={search_term_string}\",\"query-input\":\"required name=search_term_string\"}],\"inLanguage\":\"es\"},{\"@type\":\"ImageObject\",\"@id\":\"https:\/\/www.cashdrawers.cn\/product\/16-inch-24v-epson-rj12-electronic-cash-drawer\/#primaryimage\",\"inLanguage\":\"es\",\"url\":\"https:\/\/www.cashdrawers.cn\/wp-content\/uploads\/2021\/03\/KST-410R\\u5206\\u89e31.jpg\",\"width\":640,\"height\":640,\"caption\":\"410mm 12V RJ11 Electronic Cash Drawer\"},{\"@type\":[\"WebPage\",\"ItemPage\"],\"@id\":\"https:\/\/www.cashdrawers.cn\/product\/16-inch-24v-epson-rj12-electronic-cash-drawer\/#webpage\",\"url\":\"https:\/\/www.cashdrawers.cn\/product\/16-inch-24v-epson-rj12-electronic-cash-drawer\/\",\"name\":\"Electronic Cash Drawer with 16 inch 24V EPSON RJ12\",\"isPartOf\":{\"@id\":\"https:\/\/www.cashdrawers.cn\/es\/#website\"},\"primaryImageOfPage\":{\"@id\":\"https:\/\/www.cashdrawers.cn\/product\/16-inch-24v-epson-rj12-electronic-cash-drawer\/#primaryimage\"},\"datePublished\":\"2021-03-20T04:04:55+00:00\",\"dateModified\":\"2024-11-08T05:10:08+00:00\",\"description\":\"Electronic Cash Drawer, with 5B8C Cash Tray, Solenoid with 24V DC, And RJ11 Interface, Fine Surface texture, Safe packing.\",\"inLanguage\":\"es\",\"potentialAction\":[{\"@type\":\"ReadAction\",\"target\":[\"https:\/\/www.cashdrawers.cn\/product\/16-inch-24v-epson-rj12-electronic-cash-drawer\/\"]}]},{\"@type\":\"Place\",\"@id\":\"https:\/\/www.cashdrawers.cn\/product\/16-inch-24v-epson-rj12-electronic-cash-drawer\/#local-place\",\"address\":{\"@type\":\"PostalAddress\",\"@id\":\"https:\/\/www.cashdrawers.cn\/product\/16-inch-24v-epson-rj12-electronic-cash-drawer\/#local-place-address\",\"streetAddress\":\"Lianmei Road No. 39, Lianhua Industrial Zone, TongAn District\",\"addressLocality\":\"Xiamen\",\"postalCode\":\"361108\",\"addressRegion\":\"Fujian\",\"addressCountry\":\"CN\"},\"geo\":{\"@type\":\"GeoCoordinates\",\"latitude\":\"24.74174505\",\"longitude\":\"118.07491779\"},\"openingHoursSpecification\":[{\"@type\":\"OpeningHoursSpecification\",\"dayOfWeek\":[\"Friday\",\"Saturday\",\"Sunday\",\"Monday\",\"Tuesday\",\"Wednesday\",\"Thursday\"],\"opens\":\"09:00\",\"closes\":\"17:00\"}],\"telephone\":\"+865927029406\",\"faxNumber\":\"Xiamen Kustal Technology Co., Ltd\"}]}<\/script>\n<meta name=\"geo.placename\" content=\"Xiamen\" \/>\n<meta name=\"geo.position\" content=\"24.74174505;118.07491779\" \/>\n<meta name=\"geo.region\" content=\"China\" \/>\n<!-- \/ Yoast SEO Premium plugin. -->","_links":{"self":[{"href":"https:\/\/www.cashdrawers.cn\/es\/wp-json\/wp\/v2\/product\/2534"}],"collection":[{"href":"https:\/\/www.cashdrawers.cn\/es\/wp-json\/wp\/v2\/product"}],"about":[{"href":"https:\/\/www.cashdrawers.cn\/es\/wp-json\/wp\/v2\/types\/product"}],"replies":[{"embeddable":true,"href":"https:\/\/www.cashdrawers.cn\/es\/wp-json\/wp\/v2\/comments?post=2534"}],"version-history":[{"count":5,"href":"https:\/\/www.cashdrawers.cn\/es\/wp-json\/wp\/v2\/product\/2534\/revisions"}],"predecessor-version":[{"id":3043,"href":"https:\/\/www.cashdrawers.cn\/es\/wp-json\/wp\/v2\/product\/2534\/revisions\/3043"}],"wp:featuredmedia":[{"embeddable":true,"href":"https:\/\/www.cashdrawers.cn\/es\/wp-json\/wp\/v2\/media\/2702"}],"wp:attachment":[{"href":"https:\/\/www.cashdrawers.cn\/es\/wp-json\/wp\/v2\/media?parent=2534"}],"wp:term":[{"taxonomy":"product_cat","embeddable":true,"href":"https:\/\/www.cashdrawers.cn\/es\/wp-json\/wp\/v2\/product_cat?post=2534"},{"taxonomy":"product_tag","embeddable":true,"href":"https:\/\/www.cashdrawers.cn\/es\/wp-json\/wp\/v2\/product_tag?post=2534"}],"curies":[{"name":"wp","href":"https:\/\/api.w.org\/{rel}","templated":true}]}}