{"id":2720,"date":"2021-05-23T21:45:07","date_gmt":"2021-05-24T05:45:07","guid":{"rendered":"https:\/\/www.cashdrawers.cn\/?post_type=product&#038;p=2720"},"modified":"2024-11-07T21:10:08","modified_gmt":"2024-11-08T05:10:08","slug":"barcode-scanner-1d-laser-wired-with-stand","status":"publish","type":"product","link":"https:\/\/www.cashdrawers.cn\/es\/producto\/barcode-scanner-1d-laser-wired-with-stand\/","title":{"rendered":"Esc\u00e1ner de c\u00f3digo de barras l\u00e1ser 1D cableado con soporte"},"content":{"rendered":"<h1>Esc\u00e1ner de c\u00f3digo de barras l\u00e1ser 1D cableado con soporte<\/h1>\n<ul>\n<li>No driver needed,plug and play.<\/li>\n<li>Support the multinational language keyboard.<\/li>\n<li>Service life of button reaches up to 5 million times.<\/li>\n<li>32-Bit ARM processor and scan speed 300scans\/sec.<\/li>\n<li>Manual trigger\/continuous scan(for choice),very comfortable operating.<\/li>\n<li>Dopt a highly integrated design, high quality shell, have IP45 protection grade.<\/li>\n<li>Connected with computer, laptop. Compatible Operating System for Linux, Windows XP,7,8,10.<\/li>\n<li>Application fields:Supermarket, Retail, Warehouse, Logistic, Library, Medical etc.<\/li>\n<\/ul>\n<p><img class=\"wp-image-2721 size-medium\" src=\"https:\/\/www.cashdrawers.cn\/wp-content\/uploads\/2021\/05\/7-300x300.jpg\" alt=\"Barcode Scanner 1D Laser Wired with Stand\" width=\"300\" height=\"300\" srcset=\"https:\/\/www.cashdrawers.cn\/wp-content\/uploads\/2021\/05\/7-300x300.jpg 300w, https:\/\/www.cashdrawers.cn\/wp-content\/uploads\/2021\/05\/7-150x150.jpg 150w, https:\/\/www.cashdrawers.cn\/wp-content\/uploads\/2021\/05\/7-768x768.jpg 768w, https:\/\/www.cashdrawers.cn\/wp-content\/uploads\/2021\/05\/7-12x12.jpg 12w, https:\/\/www.cashdrawers.cn\/wp-content\/uploads\/2021\/05\/7-285x285.jpg 285w, https:\/\/www.cashdrawers.cn\/wp-content\/uploads\/2021\/05\/7-660x660.jpg 660w, https:\/\/www.cashdrawers.cn\/wp-content\/uploads\/2021\/05\/7.jpg 800w\" sizes=\"(max-width: 300px) 100vw, 300px\" \/><\/p>\n<p>&nbsp;<\/p>\n<table style=\"height: 995px;\" width=\"702\">\n<tbody>\n<tr>\n<td colspan=\"3\" width=\"600\"><strong><b>Especificaciones del producto<\/b><\/strong><strong><b>: Esc\u00e1ner de c\u00f3digo de barras con cable l\u00e1ser 1D con soporte<\/b><\/strong><\/td>\n<\/tr>\n<tr>\n<td width=\"207\">Tipo de escaneo<\/td>\n<td colspan=\"2\" width=\"393\">Bi-directional<\/td>\n<\/tr>\n<tr>\n<td width=\"207\">UPC<\/td>\n<td colspan=\"2\" width=\"393\">Corteza ARM de 32 bits<\/td>\n<\/tr>\n<tr>\n<td width=\"207\">Fuente de luz<\/td>\n<td colspan=\"2\" width=\"393\">650\u00a0nm\u00a0visual\u00a0laser\u00a0diode<\/td>\n<\/tr>\n<tr>\n<td width=\"207\">Modo de disparo<\/td>\n<td colspan=\"2\" width=\"393\">Port\u00e1til, continuo<\/td>\n<\/tr>\n<tr>\n<td width=\"207\">Indicaci\u00f3n<\/td>\n<td colspan=\"2\" width=\"393\">Buzzer\u00a0&amp;\u00a0LED<\/td>\n<\/tr>\n<tr>\n<td width=\"207\">Contrato de impresi\u00f3n<\/td>\n<td colspan=\"2\" width=\"393\">\u226525%<\/td>\n<\/tr>\n<tr>\n<td width=\"207\">Resoluci\u00f3n<\/td>\n<td colspan=\"2\" width=\"393\">4mil<\/td>\n<\/tr>\n<tr>\n<td width=\"207\">Velocidad de decodificaci\u00f3n<\/td>\n<td colspan=\"2\" width=\"393\">300 escaneos \/ seg<\/td>\n<\/tr>\n<tr>\n<td width=\"207\">Tasa de error de bit<\/td>\n<td colspan=\"2\" width=\"393\">1\/5 mill\u00f3n<\/td>\n<\/tr>\n<tr>\n<td width=\"207\">Ancho de escaneo<\/td>\n<td colspan=\"2\" width=\"393\">5-30 cm<\/td>\n<\/tr>\n<tr>\n<td rowspan=\"4\" width=\"207\">Profundidad de campo<\/td>\n<td width=\"189\">4mil<\/td>\n<td width=\"203\">2mm-85mm<\/td>\n<\/tr>\n<tr>\n<td width=\"189\">10mil<\/td>\n<td width=\"203\">2mm-320mm<\/td>\n<\/tr>\n<tr>\n<td width=\"189\">15.6mil<\/td>\n<td width=\"203\">5mm-580mm<\/td>\n<\/tr>\n<tr>\n<td width=\"189\">35mil<\/td>\n<td width=\"203\">10mm-900mm<\/td>\n<\/tr>\n<tr>\n<td width=\"207\">\u00c1ngulo de escaneo<\/td>\n<td colspan=\"2\" width=\"393\">\u00e1ngel del rotor \u00b1 30 \u00b0, inclinaci\u00f3n \u00b1 55 \u00b0, declinaci\u00f3n \u00b1 60 \u00b0<\/td>\n<\/tr>\n<tr>\n<td width=\"207\">Anti inferencia<\/td>\n<td colspan=\"2\" width=\"393\">la iluminaci\u00f3n industrial o el sol no har\u00e1n ninguna diferencia<\/td>\n<\/tr>\n<tr>\n<td width=\"207\">Capacidad de decodificaci\u00f3n<\/td>\n<td colspan=\"2\" width=\"393\">UPC \/ EAN, con c\u00f3digo UPC \/ EAN complementario 128,<\/p>\n<p>Code39, Code 39 Full ASCII, Coda bar, industrial \/ Interleaved 2 of 5,<\/p>\n<p>C\u00f3digo93, MSI, C\u00f3digo11, ISBN,<\/p>\n<p>ISSN, correo de China, etc.<\/td>\n<\/tr>\n<tr>\n<td width=\"207\">La vida<\/td>\n<td colspan=\"2\" width=\"393\">Button\u00a0life\u00a05000,000\u00a0times\u00a0;\u00a0laser\u00a0life:12000\u00a0hours<\/td>\n<\/tr>\n<tr>\n<td width=\"207\">Interfaz<\/td>\n<td colspan=\"2\" width=\"393\">USB \/ RS232\u00a0\/ PS2\u00a0\/ TTL<\/td>\n<\/tr>\n<tr>\n<td width=\"207\">Voltaje<\/td>\n<td colspan=\"2\" width=\"393\">5 \/ 3,3 V<\/td>\n<\/tr>\n<tr>\n<td width=\"207\">Corriente de funcionamiento<\/td>\n<td colspan=\"2\" width=\"393\">40ma (modo de operaci\u00f3n); 28ma (modo de espera)<\/p>\n<p>154ma (pico m\u00e1ximo)<\/td>\n<\/tr>\n<tr>\n<td width=\"207\">Temperatura<\/td>\n<td colspan=\"2\" width=\"393\">\u0420\u0430\u0431\u043e\u0447\u0430\u044f: -20 \u2103 -50 \u2103 \u0425\u0440\u0430\u043d\u0435\u043d\u0438\u0435: -40 \u2103 -60 \u2103<\/td>\n<\/tr>\n<tr>\n<td width=\"207\">Material<\/td>\n<td colspan=\"2\" width=\"393\">ABS+PC<\/td>\n<\/tr>\n<tr>\n<td width=\"207\">Prueba de ca\u00edda<\/td>\n<td colspan=\"2\" width=\"393\">Ca\u00edda de 1,8 m sobre hormig\u00f3n<\/td>\n<\/tr>\n<tr>\n<td width=\"207\">Certificado<\/td>\n<td colspan=\"2\" width=\"393\">CE,FCC,RoHS,IP54<\/td>\n<\/tr>\n<\/tbody>\n<\/table>\n<p>other <a href=\"https:\/\/www.cashdrawers.cn\/es\/producto\/mini-cash-drawer-13-inch-economical-pos-peripheral-for-thermal-printer\/\">pos peripheral(cash drawer)<\/a><\/p>\n<p><strong><b>detalles del empaque<\/b><\/strong><\/p>\n<ul>\n<li>Standard List: Barcode Scanner *1, USB Cable *1, Manual *1, Stand *1, Box *1.<\/li>\n<li>Tama\u00f1o de paquete \u00fanico: 185 * 120 * 86 mm<\/li>\n<li>Peso bruto individual: 0,4 kg<\/li>\n<li>Tama\u00f1o del cart\u00f3n 30pcs \/ CTN: 438 * 380 * 380 mm<\/li>\n<li>30pcs \/ cartones, Cart\u00f3n G.W .: 13Kg, N.W: 11Kg<\/li>\n<\/ul>\n<h4><\/h4>\n<h4><\/h4>\n<h4><strong><span data-spm-anchor-id=\"a2700.details.0.i17.77aa4e291pTmLW\">Why choose us?<\/span><\/strong><\/h4>\n<p>Cooperating with us is actually equal to giving your business a free metal product design team. The POS peripheral products we sell are all products that we have strictly pick.<br \/>\nAs a POS brand, kustal, quality is the first thing we guarantee, and the second is to keep the price within a reasonable range and reduce it to the lowest price acceptable to the manufacturer.<\/p>\n<p>The original reason we started to sell barcode scanner is to meet the needs of our long-term customers in Europe, reduce the total cost of imports, and deal with the current bad shipping and sales market. In the begining, There are too many suppliers to choose from. We eliminated a large number of trading companies, which are still trading companies with factory names. Finally, we found a number of qualified manufacturers and completed the market together with customers for two years. After testing, we finally decided to put this product on the shelves for more cooperative companies to purchase.<\/p>\n<p>Welcome new and old customers to purchase this barcode scanner.<\/p>\n<blockquote class=\"wp-embedded-content\" data-secret=\"lc7gU1NxgX\"><p><a href=\"https:\/\/www.cashdrawers.cn\/es\/producto\/16-inch-24v-epson-rj12-electronic-cash-drawer\/\">Caj\u00f3n portamonedas electr\u00f3nico EPSON RJ12 de 16 pulgadas y 24 V<\/a><\/p><\/blockquote>\n<p><iframe class=\"wp-embedded-content\" sandbox=\"allow-scripts\" security=\"restricted\" style=\"position: absolute; clip: rect(1px, 1px, 1px, 1px);\" title=\"&#8220;16 inch 24V EPSON RJ12 Electronic Cash Drawer&#8221; &#8212; Kustal Cash Drawer\" src=\"https:\/\/www.cashdrawers.cn\/product\/16-inch-24v-epson-rj12-electronic-cash-drawer\/embed\/#?secret=lc7gU1NxgX\" data-secret=\"lc7gU1NxgX\" width=\"600\" height=\"338\" frameborder=\"0\" marginwidth=\"0\" marginheight=\"0\" scrolling=\"no\"><\/iframe><\/p>\n<blockquote class=\"wp-embedded-content\" data-secret=\"hI9uiHPlSJ\"><p><a href=\"https:\/\/www.cashdrawers.cn\/es\/producto\/manual-cash-drawer-by-pushing-with-330mm-4b5c\/\">Manual Cash Drawer By Press Pushing With 330mm 4B5C<\/a><\/p><\/blockquote>\n<p><iframe class=\"wp-embedded-content\" sandbox=\"allow-scripts\" security=\"restricted\" style=\"position: absolute; clip: rect(1px, 1px, 1px, 1px);\" title=\"&#8220;Manual Cash Drawer By Press Pushing With 330mm 4B5C&#8221; &#8212; Kustal Cash Drawer\" src=\"https:\/\/www.cashdrawers.cn\/product\/manual-cash-drawer-by-pushing-with-330mm-4b5c\/embed\/#?secret=hI9uiHPlSJ\" data-secret=\"hI9uiHPlSJ\" width=\"600\" height=\"338\" frameborder=\"0\" marginwidth=\"0\" marginheight=\"0\" scrolling=\"no\"><\/iframe><\/p>","protected":false},"excerpt":{"rendered":"<p>Esc\u00e1ner de c\u00f3digo de barras<\/p>\n<p>&nbsp;<\/p>","protected":false},"featured_media":2721,"comment_status":"open","ping_status":"closed","template":"","meta":[],"product_cat":[74],"product_tag":[191,75,190,192,193],"yoast_head":"<!-- This site is optimized with the Yoast SEO Premium plugin v15.2 - https:\/\/yoast.com\/wordpress\/plugins\/seo\/ -->\n<title>Barcode Scanner 1D Laser Wired with Stand - Kustal Cash Drawer<\/title>\n<meta name=\"description\" content=\"Barcode Scanner 1D Laser Wired with Stand, Best POS Peripheral scanner, fast, stable function, with compative price. Pos machine, cash drawer\" \/>\n<meta name=\"robots\" content=\"index, follow, max-snippet:-1, max-image-preview:large, max-video-preview:-1\" \/>\n<link rel=\"canonical\" href=\"https:\/\/www.cashdrawers.cn\/es\/producto\/barcode-scanner-1d-laser-wired-with-stand\/\" \/>\n<meta property=\"og:locale\" content=\"es_ES\" \/>\n<meta property=\"og:type\" content=\"article\" \/>\n<meta property=\"og:title\" content=\"Barcode Scanner 1D Laser Wired with Stand - Kustal Cash Drawer\" \/>\n<meta property=\"og:description\" content=\"Barcode Scanner 1D Laser Wired with Stand, Best POS Peripheral scanner, fast, stable function, with compative price. Pos machine, cash drawer\" \/>\n<meta property=\"og:url\" content=\"https:\/\/www.cashdrawers.cn\/es\/producto\/barcode-scanner-1d-laser-wired-with-stand\/\" \/>\n<meta property=\"og:site_name\" content=\"Kustal Cash Drawer\" \/>\n<meta property=\"article:publisher\" content=\"https:\/\/www.facebook.com\/kustal.cash.drawer\" \/>\n<meta property=\"article:modified_time\" content=\"2024-11-08T05:10:08+00:00\" \/>\n<meta property=\"og:image\" content=\"https:\/\/www.cashdrawers.cn\/wp-content\/uploads\/2021\/05\/7.jpg\" \/>\n\t<meta property=\"og:image:width\" content=\"800\" \/>\n\t<meta property=\"og:image:height\" content=\"800\" \/>\n<meta name=\"twitter:card\" content=\"summary_large_image\" \/>\n<meta name=\"twitter:label1\" value=\"Precio\">\n\t<meta name=\"twitter:data1\" value=\"\">\n\t<meta name=\"twitter:label2\" value=\"Availability\">\n\t<meta name=\"twitter:data2\" value=\"In stock\">\n<script type=\"application\/ld+json\" class=\"yoast-schema-graph\">{\"@context\":\"https:\/\/schema.org\",\"@graph\":[{\"@type\":\"WebSite\",\"@id\":\"https:\/\/www.cashdrawers.cn\/es\/#website\",\"url\":\"https:\/\/www.cashdrawers.cn\/es\/\",\"name\":\"Kustal Cash Drawer\",\"description\":\"Cash Drawer Manufacturer\",\"potentialAction\":[{\"@type\":\"SearchAction\",\"target\":\"https:\/\/www.cashdrawers.cn\/es\/?s={search_term_string}\",\"query-input\":\"required name=search_term_string\"}],\"inLanguage\":\"es\"},{\"@type\":\"ImageObject\",\"@id\":\"https:\/\/www.cashdrawers.cn\/product\/barcode-scanner-1d-laser-wired-with-stand\/#primaryimage\",\"inLanguage\":\"es\",\"url\":\"https:\/\/www.cashdrawers.cn\/wp-content\/uploads\/2021\/05\/7.jpg\",\"width\":800,\"height\":800,\"caption\":\"Barcode Scanner 1D Laser Wired with Stand\"},{\"@type\":\"WebPage\",\"@id\":\"https:\/\/www.cashdrawers.cn\/product\/barcode-scanner-1d-laser-wired-with-stand\/#webpage\",\"url\":\"https:\/\/www.cashdrawers.cn\/product\/barcode-scanner-1d-laser-wired-with-stand\/\",\"name\":\"Barcode Scanner 1D Laser Wired with Stand - Kustal Cash Drawer\",\"isPartOf\":{\"@id\":\"https:\/\/www.cashdrawers.cn\/es\/#website\"},\"primaryImageOfPage\":{\"@id\":\"https:\/\/www.cashdrawers.cn\/product\/barcode-scanner-1d-laser-wired-with-stand\/#primaryimage\"},\"datePublished\":\"2021-05-24T05:45:07+00:00\",\"dateModified\":\"2024-11-08T05:10:08+00:00\",\"description\":\"Barcode Scanner 1D Laser Wired with Stand, Best POS Peripheral scanner, fast, stable function, with compative price. Pos machine, cash drawer\",\"inLanguage\":\"es\",\"potentialAction\":[{\"@type\":\"ReadAction\",\"target\":[\"https:\/\/www.cashdrawers.cn\/product\/barcode-scanner-1d-laser-wired-with-stand\/\"]}]},{\"@type\":\"Place\",\"@id\":\"https:\/\/www.cashdrawers.cn\/product\/barcode-scanner-1d-laser-wired-with-stand\/#local-place\",\"address\":{\"@type\":\"PostalAddress\",\"@id\":\"https:\/\/www.cashdrawers.cn\/product\/barcode-scanner-1d-laser-wired-with-stand\/#local-place-address\",\"streetAddress\":\"Lianmei Road No. 39, Lianhua Industrial Zone, TongAn District\",\"addressLocality\":\"Xiamen\",\"postalCode\":\"361108\",\"addressRegion\":\"Fujian\",\"addressCountry\":\"CN\"},\"geo\":{\"@type\":\"GeoCoordinates\",\"latitude\":\"24.74174505\",\"longitude\":\"118.07491779\"},\"openingHoursSpecification\":[{\"@type\":\"OpeningHoursSpecification\",\"dayOfWeek\":[\"Friday\",\"Saturday\",\"Sunday\",\"Monday\",\"Tuesday\",\"Wednesday\",\"Thursday\"],\"opens\":\"09:00\",\"closes\":\"17:00\"}],\"telephone\":\"+865927029406\",\"faxNumber\":\"Xiamen Kustal Technology Co., Ltd\"}]}<\/script>\n<meta name=\"geo.placename\" content=\"Xiamen\" \/>\n<meta name=\"geo.position\" content=\"24.74174505;118.07491779\" \/>\n<meta name=\"geo.region\" content=\"China\" \/>\n<!-- \/ Yoast SEO Premium plugin. -->","_links":{"self":[{"href":"https:\/\/www.cashdrawers.cn\/es\/wp-json\/wp\/v2\/product\/2720"}],"collection":[{"href":"https:\/\/www.cashdrawers.cn\/es\/wp-json\/wp\/v2\/product"}],"about":[{"href":"https:\/\/www.cashdrawers.cn\/es\/wp-json\/wp\/v2\/types\/product"}],"replies":[{"embeddable":true,"href":"https:\/\/www.cashdrawers.cn\/es\/wp-json\/wp\/v2\/comments?post=2720"}],"version-history":[{"count":8,"href":"https:\/\/www.cashdrawers.cn\/es\/wp-json\/wp\/v2\/product\/2720\/revisions"}],"predecessor-version":[{"id":3050,"href":"https:\/\/www.cashdrawers.cn\/es\/wp-json\/wp\/v2\/product\/2720\/revisions\/3050"}],"wp:featuredmedia":[{"embeddable":true,"href":"https:\/\/www.cashdrawers.cn\/es\/wp-json\/wp\/v2\/media\/2721"}],"wp:attachment":[{"href":"https:\/\/www.cashdrawers.cn\/es\/wp-json\/wp\/v2\/media?parent=2720"}],"wp:term":[{"taxonomy":"product_cat","embeddable":true,"href":"https:\/\/www.cashdrawers.cn\/es\/wp-json\/wp\/v2\/product_cat?post=2720"},{"taxonomy":"product_tag","embeddable":true,"href":"https:\/\/www.cashdrawers.cn\/es\/wp-json\/wp\/v2\/product_tag?post=2720"}],"curies":[{"name":"wp","href":"https:\/\/api.w.org\/{rel}","templated":true}]}}