{"id":2791,"date":"2021-11-01T20:03:38","date_gmt":"2021-11-02T04:03:38","guid":{"rendered":"https:\/\/www.cashdrawers.cn\/?post_type=product&#038;p=2791"},"modified":"2022-09-14T18:42:57","modified_gmt":"2022-09-15T02:42:57","slug":"15-6-inches-touch-screen-pos-terminal","status":"publish","type":"product","link":"https:\/\/www.cashdrawers.cn\/es\/producto\/15-6-inches-touch-screen-pos-terminal\/","title":{"rendered":"Terminal POS de pantalla t\u00e1ctil de m\u00e1quina registradora de 15,6 pulgadas"},"content":{"rendered":"<p><strong>Terminal POS de pantalla t\u00e1ctil de m\u00e1quina registradora de 15,6 pulgadas<\/strong><\/p>\n<ul>\n<li>The 15.6 inch POS Terminal combines modern aesthetics, modular flexibility and commercial-grade reliability. Designed for point-of-sale, the Touch screen pos terminal offers a 15.6-inch capacitive touch screen with an optional Intel J1900 or Rk3288 processor and integrated expansion hub to connect the peripherals you need \u2013 whether it\u2019s a customer-facing display, MSR, printer, fingerprint reader, cash drawers, barcode scanners or scales. From traditional POS to self-service applications, the 1508H pos provides the durability needed for continuous public use and is backed by 18-month standard warranty.<\/li>\n<\/ul>\n<p><img width=\"600\" height=\"400\" class=\"size-full wp-image-2792\" src=\"https:\/\/www.cashdrawers.cn\/wp-content\/uploads\/2021\/11\/10-600x400-1.jpg\" alt=\"&quot;Touch\" srcset=\"https:\/\/www.cashdrawers.cn\/wp-content\/uploads\/2021\/11\/10-600x400-1.jpg 600w, https:\/\/www.cashdrawers.cn\/wp-content\/uploads\/2021\/11\/10-600x400-1-300x200.jpg 300w, https:\/\/www.cashdrawers.cn\/wp-content\/uploads\/2021\/11\/10-600x400-1-18x12.jpg 18w, https:\/\/www.cashdrawers.cn\/wp-content\/uploads\/2021\/11\/10-600x400-1-285x190.jpg 285w, https:\/\/www.cashdrawers.cn\/wp-content\/uploads\/2021\/11\/10-600x400-1-150x100.jpg 150w\" sizes=\"(max-width: 600px) 100vw, 600px\" \/><\/p>\n<h3>Feature of Touch Screen POS Machine<\/h3>\n<ul>\n<li>The pos machine allows you to connect all the POS peripherals you need. From <a href=\"https:\/\/www.cashdrawers.cn\/es\/?s=cash+drawer\">cash drawers<\/a> and printers to barcode scanners and payment devices \u2013 there are connections that cover everything. For The pos touch screen cash register system flexible bracket design, You could choose according to your needs.<br \/>\nAnd POS machine allows easy installation and removal of customer displays,\u00a0 Surely, we can also provide two sizes of customer display.<br \/>\nThe pos device is based on versatility, allowing you to create custom solutions by connecting any combination of peripherals such as MSR, RFID, Fingerprint, I-button to the edge of the touch screen. And, you can add or move them as your needs change!<br \/>\nBtw, We Support Windows and Android OS.<br \/>\nOur android POS terminal go throgh rigorously test and comes with an 18-month warranty to deliver superior quality and reliability. The waterproof screen and rugged enclosure design easily withstand the disadvantages associated with most commercial environments<\/li>\n<\/ul>\n<p><img class=\"size-full wp-image-2793\" src=\"https:\/\/www.cashdrawers.cn\/wp-content\/uploads\/2021\/11\/09-600x300-1.jpg\" alt=\"Single Screen POS machine\" width=\"600\" height=\"300\" srcset=\"https:\/\/www.cashdrawers.cn\/wp-content\/uploads\/2021\/11\/09-600x300-1.jpg 600w, https:\/\/www.cashdrawers.cn\/wp-content\/uploads\/2021\/11\/09-600x300-1-300x150.jpg 300w, https:\/\/www.cashdrawers.cn\/wp-content\/uploads\/2021\/11\/09-600x300-1-18x9.jpg 18w, https:\/\/www.cashdrawers.cn\/wp-content\/uploads\/2021\/11\/09-600x300-1-285x143.jpg 285w, https:\/\/www.cashdrawers.cn\/wp-content\/uploads\/2021\/11\/09-600x300-1-150x75.jpg 150w\" sizes=\"(max-width: 600px) 100vw, 600px\" \/><\/p>\n<h4><strong><span data-spm-anchor-id=\"a2700.details.0.i17.77aa4e291pTmLW\">Why choose us?<\/span><\/strong><\/h4>\n<p>Cooperating with us is actually equal to giving your business a free metal product design team. The POS peripheral products we sell are all products that we have strictly pick.<br \/>\nAs a POS brand, kustal, quality is the first thing we guarantee, and the second is to keep the price within a reasonable range and reduce it to the lowest price acceptable to the manufacturer.<\/p>\n<p>The original reason we started to sell POS Machine is to meet the needs of our long-term customers in Europe, reduce the total cost of imports, and deal with the current bad shipping and sales market. In the begining, There are too many pos monitor suppliers to choose from. We eliminated a large number of trading companies, which are still trading companies with factory names. Finally, we found a number of qualified manufacturers and completed the market together with customers for two years. After testing, we finally decided to put this product on the shelves for more cooperative companies to purchase.<\/p>\n<p>Welcome new and old customers to purchase this POS Terminal.<\/p>\n<blockquote class=\"wp-embedded-content\" data-secret=\"jxQyKqMoZK\"><p><a href=\"https:\/\/www.cashdrawers.cn\/es\/producto\/15-6-inch-led-capacitive-touch-screens-pos-monitor\/\">Monitor POS de pantallas t\u00e1ctiles capacitivas LED de 15,6 pulgadas<\/a><\/p><\/blockquote>\n<p><iframe class=\"wp-embedded-content\" sandbox=\"allow-scripts\" security=\"restricted\" style=\"position: absolute; clip: rect(1px, 1px, 1px, 1px);\" title=\"&#8220;15.6 Inch LED Capacitive Touch Screens POS Monitor&#8221; &#8212; Kustal Cash Drawer\" src=\"https:\/\/www.cashdrawers.cn\/product\/15-6-inch-led-capacitive-touch-screens-pos-monitor\/embed\/#?secret=jxQyKqMoZK\" data-secret=\"jxQyKqMoZK\" width=\"600\" height=\"338\" frameborder=\"0\" marginwidth=\"0\" marginheight=\"0\" scrolling=\"no\"><\/iframe><\/p>\n<blockquote class=\"wp-embedded-content\" data-secret=\"Jye8eSKX8G\"><p><a href=\"https:\/\/www.cashdrawers.cn\/es\/producto\/24v-cash-register-drawer-with-detachable-rj12-micro-switch\/\">Caj\u00f3n de caja registradora de 24 V con microinterruptor y RJ12 desmontable<\/a><\/p><\/blockquote>\n<p><iframe class=\"wp-embedded-content\" sandbox=\"allow-scripts\" security=\"restricted\" style=\"position: absolute; clip: rect(1px, 1px, 1px, 1px);\" title=\"&#8220;24V Cash Register Drawer With Detachable RJ12 &#038; Micro Switch&#8221; &#8212; Kustal Cash Drawer\" src=\"https:\/\/www.cashdrawers.cn\/product\/24v-cash-register-drawer-with-detachable-rj12-micro-switch\/embed\/#?secret=Jye8eSKX8G\" data-secret=\"Jye8eSKX8G\" width=\"600\" height=\"338\" frameborder=\"0\" marginwidth=\"0\" marginheight=\"0\" scrolling=\"no\"><\/iframe><\/p>","protected":false},"excerpt":{"rendered":"<p>Terminal POS con pantalla t\u00e1ctil de 15,6 pulgadas<\/p>","protected":false},"featured_media":2804,"comment_status":"open","ping_status":"closed","template":"","meta":[],"product_cat":[74],"product_tag":[187,188,189,185,184,174,76,186],"yoast_head":"<!-- This site is optimized with the Yoast SEO Premium plugin v15.2 - https:\/\/yoast.com\/wordpress\/plugins\/seo\/ -->\n<title>15.6 inches Cash Register Machine Touch Screen POS Terminal<\/title>\n<meta name=\"description\" content=\"POS Terminal, 15.6 inches Touch Screen, 4G\/8G Ram, CPU J1900 \/i3\/i5,Touch screen pos machine, Display 15.6\u2033 LED, Cash Register\" \/>\n<meta name=\"robots\" content=\"index, follow, max-snippet:-1, max-image-preview:large, max-video-preview:-1\" \/>\n<link rel=\"canonical\" href=\"https:\/\/www.cashdrawers.cn\/es\/producto\/15-6-inches-touch-screen-pos-terminal\/\" \/>\n<meta property=\"og:locale\" content=\"es_ES\" \/>\n<meta property=\"og:type\" content=\"article\" \/>\n<meta property=\"og:title\" content=\"15.6 inches Cash Register Machine Touch Screen POS Terminal\" \/>\n<meta property=\"og:description\" content=\"POS Terminal, 15.6 inches Touch Screen, 4G\/8G Ram, CPU J1900 \/i3\/i5,Touch screen pos machine, Display 15.6\u2033 LED, Cash Register\" \/>\n<meta property=\"og:url\" content=\"https:\/\/www.cashdrawers.cn\/es\/producto\/15-6-inches-touch-screen-pos-terminal\/\" \/>\n<meta property=\"og:site_name\" content=\"Kustal Cash Drawer\" \/>\n<meta property=\"article:publisher\" content=\"https:\/\/www.facebook.com\/kustal.cash.drawer\" \/>\n<meta property=\"article:modified_time\" content=\"2022-09-15T02:42:57+00:00\" \/>\n<meta property=\"og:image\" content=\"https:\/\/www.cashdrawers.cn\/wp-content\/uploads\/2021\/11\/pos-machine-front-detail.jpg\" \/>\n\t<meta property=\"og:image:width\" content=\"740\" \/>\n\t<meta property=\"og:image:height\" content=\"795\" \/>\n<meta name=\"twitter:card\" content=\"summary_large_image\" \/>\n<meta name=\"twitter:label1\" value=\"Precio\">\n\t<meta name=\"twitter:data1\" value=\"\">\n\t<meta name=\"twitter:label2\" value=\"Availability\">\n\t<meta name=\"twitter:data2\" value=\"In stock\">\n<script type=\"application\/ld+json\" class=\"yoast-schema-graph\">{\"@context\":\"https:\/\/schema.org\",\"@graph\":[{\"@type\":\"WebSite\",\"@id\":\"https:\/\/www.cashdrawers.cn\/es\/#website\",\"url\":\"https:\/\/www.cashdrawers.cn\/es\/\",\"name\":\"Kustal Cash Drawer\",\"description\":\"Cash Drawer Manufacturer\",\"potentialAction\":[{\"@type\":\"SearchAction\",\"target\":\"https:\/\/www.cashdrawers.cn\/es\/?s={search_term_string}\",\"query-input\":\"required name=search_term_string\"}],\"inLanguage\":\"es\"},{\"@type\":\"ImageObject\",\"@id\":\"https:\/\/www.cashdrawers.cn\/product\/15-6-inches-touch-screen-pos-terminal\/#primaryimage\",\"inLanguage\":\"es\",\"url\":\"https:\/\/www.cashdrawers.cn\/wp-content\/uploads\/2021\/11\/pos-machine-front-detail.jpg\",\"width\":740,\"height\":795,\"caption\":\"pos machine front detail\"},{\"@type\":\"WebPage\",\"@id\":\"https:\/\/www.cashdrawers.cn\/product\/15-6-inches-touch-screen-pos-terminal\/#webpage\",\"url\":\"https:\/\/www.cashdrawers.cn\/product\/15-6-inches-touch-screen-pos-terminal\/\",\"name\":\"15.6 inches Cash Register Machine Touch Screen POS Terminal\",\"isPartOf\":{\"@id\":\"https:\/\/www.cashdrawers.cn\/es\/#website\"},\"primaryImageOfPage\":{\"@id\":\"https:\/\/www.cashdrawers.cn\/product\/15-6-inches-touch-screen-pos-terminal\/#primaryimage\"},\"datePublished\":\"2021-11-02T04:03:38+00:00\",\"dateModified\":\"2022-09-15T02:42:57+00:00\",\"description\":\"POS Terminal, 15.6 inches Touch Screen, 4G\/8G Ram, CPU J1900 \/i3\/i5,Touch screen pos machine, Display 15.6\\u2033 LED, Cash Register\",\"inLanguage\":\"es\",\"potentialAction\":[{\"@type\":\"ReadAction\",\"target\":[\"https:\/\/www.cashdrawers.cn\/product\/15-6-inches-touch-screen-pos-terminal\/\"]}]},{\"@type\":\"Place\",\"@id\":\"https:\/\/www.cashdrawers.cn\/product\/15-6-inches-touch-screen-pos-terminal\/#local-place\",\"address\":{\"@type\":\"PostalAddress\",\"@id\":\"https:\/\/www.cashdrawers.cn\/product\/15-6-inches-touch-screen-pos-terminal\/#local-place-address\",\"streetAddress\":\"Lianmei Road No. 39, Lianhua Industrial Zone, TongAn District\",\"addressLocality\":\"Xiamen\",\"postalCode\":\"361108\",\"addressRegion\":\"Fujian\",\"addressCountry\":\"CN\"},\"geo\":{\"@type\":\"GeoCoordinates\",\"latitude\":\"24.74174505\",\"longitude\":\"118.07491779\"},\"openingHoursSpecification\":[{\"@type\":\"OpeningHoursSpecification\",\"dayOfWeek\":[\"Friday\",\"Saturday\",\"Sunday\",\"Monday\",\"Tuesday\",\"Wednesday\",\"Thursday\"],\"opens\":\"09:00\",\"closes\":\"17:00\"}],\"telephone\":\"+865927029406\",\"faxNumber\":\"Xiamen Kustal Technology Co., Ltd\"}]}<\/script>\n<meta name=\"geo.placename\" content=\"Xiamen\" \/>\n<meta name=\"geo.position\" content=\"24.74174505;118.07491779\" \/>\n<meta name=\"geo.region\" content=\"China\" \/>\n<!-- \/ Yoast SEO Premium plugin. -->","_links":{"self":[{"href":"https:\/\/www.cashdrawers.cn\/es\/wp-json\/wp\/v2\/product\/2791"}],"collection":[{"href":"https:\/\/www.cashdrawers.cn\/es\/wp-json\/wp\/v2\/product"}],"about":[{"href":"https:\/\/www.cashdrawers.cn\/es\/wp-json\/wp\/v2\/types\/product"}],"replies":[{"embeddable":true,"href":"https:\/\/www.cashdrawers.cn\/es\/wp-json\/wp\/v2\/comments?post=2791"}],"version-history":[{"count":13,"href":"https:\/\/www.cashdrawers.cn\/es\/wp-json\/wp\/v2\/product\/2791\/revisions"}],"predecessor-version":[{"id":2959,"href":"https:\/\/www.cashdrawers.cn\/es\/wp-json\/wp\/v2\/product\/2791\/revisions\/2959"}],"wp:featuredmedia":[{"embeddable":true,"href":"https:\/\/www.cashdrawers.cn\/es\/wp-json\/wp\/v2\/media\/2804"}],"wp:attachment":[{"href":"https:\/\/www.cashdrawers.cn\/es\/wp-json\/wp\/v2\/media?parent=2791"}],"wp:term":[{"taxonomy":"product_cat","embeddable":true,"href":"https:\/\/www.cashdrawers.cn\/es\/wp-json\/wp\/v2\/product_cat?post=2791"},{"taxonomy":"product_tag","embeddable":true,"href":"https:\/\/www.cashdrawers.cn\/es\/wp-json\/wp\/v2\/product_tag?post=2791"}],"curies":[{"name":"wp","href":"https:\/\/api.w.org\/{rel}","templated":true}]}}