{"id":2871,"date":"2022-03-01T18:49:49","date_gmt":"2022-03-02T02:49:49","guid":{"rendered":"https:\/\/www.cashdrawers.cn\/?post_type=product&#038;p=2871"},"modified":"2022-03-20T17:55:09","modified_gmt":"2022-03-21T01:55:09","slug":"410-cash-drawer-with-ball-bearing-slide-and-removable-cash-tray","status":"publish","type":"product","link":"https:\/\/www.cashdrawers.cn\/es\/producto\/410-cash-drawer-with-ball-bearing-slide-and-removable-cash-tray\/","title":{"rendered":"Caj\u00f3n portamonedas 410 con corredera de rodamiento de bolas y bandeja portamonedas extra\u00edble"},"content":{"rendered":"<h3>Caj\u00f3n portamonedas 410 con corredera de rodamiento de bolas y bandeja portamonedas extra\u00edble<\/h3>\n<div>This is a 410mm 5b5c 24V Register Drawer, With detachable RJ12, Eary use for your pos system and Micro Switch help you system better to check the status of cash drawer. It is of a square shape, Upper shell make of 0.8mm thick gauge cold rolled steel. To make sure cash drawer\u00a0 stronger and sturdy, We also welding the shell with ribs. The cash drawer bottom is with\u00a0 SGCC or SECC. The internal cash tray can be taken out, made of high-quality HIPS\/ABS material, It is convenient for users to take it out when off work and safely count cash. At the same time, high-quality surface treatment, various colors and textures are available, All details are of high quality. This cash register drawer is one of most popular product in pos market.<\/div>\n<div>\n<p class=\"magic-7\" data-spm-anchor-id=\"a2700.details.pronpeci14.i0.59fd1d2dbtmkGV\">This Item is a slide register drawer,\u00a0 So, it is with heavy-duty ball bearing slide, Based on it, the cash drawer can be easily\u00a0 pulled out or pushed forward.\u00a0 \u00a0 And the internal actuator (locking mechanism) adopts the most reasonable design, which is very smooth and has high stability. This is also one of the most advanced designs in China, We have got the patents.<\/p>\n<\/div>\n<div>\n<div>\n<h4><em><strong>Con respecto al proceso de pintura:<\/strong><\/em><\/h4>\n<p>This register drawer is textured hybrid powder coat. The standard color is Matte Black. We can also use other baking process and colors according to the needs. For example, bright black, Beige, bright white or other colors.<\/p>\n<\/div>\n<h4><em><strong>Respecto al embalaje: <\/strong><\/em><\/h4>\n<div>Our Carton box for this 410 cash drawer is make of 5 layor hardboard(corrugated paper) And PE inner bag keep away from moisture and dust. Super thick EPE, full of elasticity, reduce and avoid bumps during logistics and express delivery (we avoid to use EPS,Whi is non-degradable, In fact, it has great environmental problems)<\/div>\n<h4><em><strong>Otra informaci\u00f3n: <\/strong><\/em><\/h4>\n<div>\u041c\u044b \u043f\u0440\u0438\u043d\u0438\u043c\u0430\u0435\u043c \u0438\u043d\u0434\u0438\u0432\u0438\u0434\u0443\u0430\u043b\u044c\u043d\u044b\u0435 \u0442\u0440\u0435\u0431\u043e\u0432\u0430\u043d\u0438\u044f, \u0442\u0430\u043a\u0438\u0435 \u043a\u0430\u043a \u043b\u043e\u0433\u043e\u0442\u0438\u043f, \u043d\u0430\u043f\u0440\u044f\u0436\u0435\u043d\u0438\u0435, \u0438\u043d\u0442\u0435\u0440\u0444\u0435\u0439\u0441 \u0438 \u0442. \u0434.<\/div>\n<div><\/div>\n<div>\n<h4><strong><em>Algunas ventajas:<\/em><\/strong><\/h4>\n<p>Installed reinforced ribs to this 410 cash drawer, The ultra-sturdy structure has greater load-bearing capacity than the same type of\u00a0 cash register drawer.<\/p>\n<p>And the stability of my cash drawer is better, and the noise is very small. The external surface paint has a high quality and is very beautiful<\/p>\n<\/div>\n<\/div>\n<div><\/div>\n<div><a href=\"https:\/\/www.cashdrawers.cn\/es\/contacts\/\">Contactanos para mas detalles<\/a><\/div>\n<blockquote class=\"wp-embedded-content\" data-secret=\"JgthCO9Acb\"><p><a href=\"https:\/\/www.cashdrawers.cn\/es\/producto\/13-inch-white-detachable-rj11-rj12-small-cash-drawer\/\">Caj\u00f3n portamonedas peque\u00f1o RJ11 \/ RJ12 desmontable blanco de 13 pulgadas<\/a><\/p><\/blockquote>\n<p><iframe class=\"wp-embedded-content\" sandbox=\"allow-scripts\" security=\"restricted\" style=\"position: absolute; clip: rect(1px, 1px, 1px, 1px);\" title=\"&#8220;13 Inch White Detachable RJ11\/RJ12 Small Cash Drawer&#8221; &#8212; Kustal Cash Drawer\" src=\"https:\/\/www.cashdrawers.cn\/product\/13-inch-white-detachable-rj11-rj12-small-cash-drawer\/embed\/#?secret=JgthCO9Acb\" data-secret=\"JgthCO9Acb\" width=\"600\" height=\"338\" frameborder=\"0\" marginwidth=\"0\" marginheight=\"0\" scrolling=\"no\"><\/iframe><\/p>\n<blockquote class=\"wp-embedded-content\" data-secret=\"QRAnzXLDCF\"><p><a href=\"https:\/\/www.cashdrawers.cn\/es\/producto\/410mm-12v-rj12-pos-cash-drawer\/\">410 mm 12V RJ12 con micro sensor POS caj\u00f3n de efectivo<\/a><\/p><\/blockquote>\n<p><iframe class=\"wp-embedded-content\" sandbox=\"allow-scripts\" security=\"restricted\" style=\"position: absolute; clip: rect(1px, 1px, 1px, 1px);\" title=\"&#8220;410mm 12V RJ12 With Micro Sensor POS Cash Drawer&#8221; &#8212; Kustal Cash Drawer\" src=\"https:\/\/www.cashdrawers.cn\/product\/410mm-12v-rj12-pos-cash-drawer\/embed\/#?secret=QRAnzXLDCF\" data-secret=\"QRAnzXLDCF\" width=\"600\" height=\"338\" frameborder=\"0\" marginwidth=\"0\" marginheight=\"0\" scrolling=\"no\"><\/iframe><\/p>\n<p>&nbsp;<\/p>","protected":false},"excerpt":{"rendered":"<p>410 Cash Drawer With Ball Bearing Slide<\/p>\n<ul>\n<li>16,1 (ancho) x 16,5 (profundidad) x 3,9 (alto) pulgadas<\/li>\n<li>5Bills 5 Coin<\/li>\n<li>Bandeja de efectivo extra\u00edble y estuche para monedas<\/li>\n<li>Interface: RJ12 &amp; Micro Sensor<\/li>\n<li>Solenoid unit with 24<\/li>\n<li>Net Weight: 7.5kg<\/li>\n<li>1pcs \/ caja de cart\u00f3n como est\u00e1ndar<\/li>\n<li>Gross Weight: 8.5kg<\/li>\n<\/ul>","protected":false},"featured_media":1683,"comment_status":"open","ping_status":"closed","template":"","meta":[],"product_cat":[44],"product_tag":[94,92,91,93,90],"yoast_head":"<!-- This site is optimized with the Yoast SEO Premium plugin v15.2 - https:\/\/yoast.com\/wordpress\/plugins\/seo\/ -->\n<title>410 Cash Drawer With Ball Bearing Slide And Removable Cash Tray<\/title>\n<meta name=\"description\" content=\"Cash Drawer 410, Slide Cash Drawer, 5B5C Removable Cash Tray &amp; Coin Case, 24V DC, Detachable RJ12, Micro Sensor, Competitive Price\" \/>\n<meta name=\"robots\" content=\"index, follow, max-snippet:-1, max-image-preview:large, max-video-preview:-1\" \/>\n<link rel=\"canonical\" href=\"https:\/\/www.cashdrawers.cn\/es\/producto\/410-cash-drawer-with-ball-bearing-slide-and-removable-cash-tray\/\" \/>\n<meta property=\"og:locale\" content=\"es_ES\" \/>\n<meta property=\"og:type\" content=\"article\" \/>\n<meta property=\"og:title\" content=\"410 Cash Drawer With Ball Bearing Slide And Removable Cash Tray\" \/>\n<meta property=\"og:description\" content=\"Cash Drawer 410, Slide Cash Drawer, 5B5C Removable Cash Tray &amp; Coin Case, 24V DC, Detachable RJ12, Micro Sensor, Competitive Price\" \/>\n<meta property=\"og:url\" content=\"https:\/\/www.cashdrawers.cn\/es\/producto\/410-cash-drawer-with-ball-bearing-slide-and-removable-cash-tray\/\" \/>\n<meta property=\"og:site_name\" content=\"Kustal Cash Drawer\" \/>\n<meta property=\"article:publisher\" content=\"https:\/\/www.facebook.com\/kustal.cash.drawer\" \/>\n<meta property=\"article:modified_time\" content=\"2022-03-21T01:55:09+00:00\" \/>\n<meta property=\"og:image\" content=\"https:\/\/www.cashdrawers.cn\/wp-content\/uploads\/2020\/10\/three-410mm-roller-cash-drawer.jpg\" \/>\n\t<meta property=\"og:image:width\" content=\"640\" \/>\n\t<meta property=\"og:image:height\" content=\"640\" \/>\n<meta name=\"twitter:card\" content=\"summary_large_image\" \/>\n<meta name=\"twitter:label1\" value=\"Precio\">\n\t<meta name=\"twitter:data1\" value=\"\">\n\t<meta name=\"twitter:label2\" value=\"Availability\">\n\t<meta name=\"twitter:data2\" value=\"In stock\">\n<script type=\"application\/ld+json\" class=\"yoast-schema-graph\">{\"@context\":\"https:\/\/schema.org\",\"@graph\":[{\"@type\":\"WebSite\",\"@id\":\"https:\/\/www.cashdrawers.cn\/es\/#website\",\"url\":\"https:\/\/www.cashdrawers.cn\/es\/\",\"name\":\"Kustal Cash Drawer\",\"description\":\"Cash Drawer Manufacturer\",\"potentialAction\":[{\"@type\":\"SearchAction\",\"target\":\"https:\/\/www.cashdrawers.cn\/es\/?s={search_term_string}\",\"query-input\":\"required name=search_term_string\"}],\"inLanguage\":\"es\"},{\"@type\":\"ImageObject\",\"@id\":\"https:\/\/www.cashdrawers.cn\/product\/410-cash-drawer-with-ball-bearing-slide-and-removable-cash-tray\/#primaryimage\",\"inLanguage\":\"es\",\"url\":\"https:\/\/www.cashdrawers.cn\/wp-content\/uploads\/2020\/10\/three-410mm-roller-cash-drawer.jpg\",\"width\":640,\"height\":640,\"caption\":\"cash drawer\"},{\"@type\":[\"WebPage\",\"ItemPage\"],\"@id\":\"https:\/\/www.cashdrawers.cn\/product\/410-cash-drawer-with-ball-bearing-slide-and-removable-cash-tray\/#webpage\",\"url\":\"https:\/\/www.cashdrawers.cn\/product\/410-cash-drawer-with-ball-bearing-slide-and-removable-cash-tray\/\",\"name\":\"410 Cash Drawer With Ball Bearing Slide And Removable Cash Tray\",\"isPartOf\":{\"@id\":\"https:\/\/www.cashdrawers.cn\/es\/#website\"},\"primaryImageOfPage\":{\"@id\":\"https:\/\/www.cashdrawers.cn\/product\/410-cash-drawer-with-ball-bearing-slide-and-removable-cash-tray\/#primaryimage\"},\"datePublished\":\"2022-03-02T02:49:49+00:00\",\"dateModified\":\"2022-03-21T01:55:09+00:00\",\"description\":\"Cash Drawer 410, Slide Cash Drawer, 5B5C Removable Cash Tray & Coin Case, 24V DC, Detachable RJ12, Micro Sensor, Competitive Price\",\"inLanguage\":\"es\",\"potentialAction\":[{\"@type\":\"ReadAction\",\"target\":[\"https:\/\/www.cashdrawers.cn\/product\/410-cash-drawer-with-ball-bearing-slide-and-removable-cash-tray\/\"]}]},{\"@type\":\"Place\",\"@id\":\"https:\/\/www.cashdrawers.cn\/product\/410-cash-drawer-with-ball-bearing-slide-and-removable-cash-tray\/#local-place\",\"address\":{\"@type\":\"PostalAddress\",\"@id\":\"https:\/\/www.cashdrawers.cn\/product\/410-cash-drawer-with-ball-bearing-slide-and-removable-cash-tray\/#local-place-address\",\"streetAddress\":\"Lianmei Road No. 39, Lianhua Industrial Zone, TongAn District\",\"addressLocality\":\"Xiamen\",\"postalCode\":\"361108\",\"addressRegion\":\"Fujian\",\"addressCountry\":\"CN\"},\"geo\":{\"@type\":\"GeoCoordinates\",\"latitude\":\"24.74174505\",\"longitude\":\"118.07491779\"},\"openingHoursSpecification\":[{\"@type\":\"OpeningHoursSpecification\",\"dayOfWeek\":[\"Friday\",\"Saturday\",\"Sunday\",\"Monday\",\"Tuesday\",\"Wednesday\",\"Thursday\"],\"opens\":\"09:00\",\"closes\":\"17:00\"}],\"telephone\":\"+865927029406\",\"faxNumber\":\"Xiamen Kustal Technology Co., Ltd\"}]}<\/script>\n<meta name=\"geo.placename\" content=\"Xiamen\" \/>\n<meta name=\"geo.position\" content=\"24.74174505;118.07491779\" \/>\n<meta name=\"geo.region\" content=\"China\" \/>\n<!-- \/ Yoast SEO Premium plugin. -->","_links":{"self":[{"href":"https:\/\/www.cashdrawers.cn\/es\/wp-json\/wp\/v2\/product\/2871"}],"collection":[{"href":"https:\/\/www.cashdrawers.cn\/es\/wp-json\/wp\/v2\/product"}],"about":[{"href":"https:\/\/www.cashdrawers.cn\/es\/wp-json\/wp\/v2\/types\/product"}],"replies":[{"embeddable":true,"href":"https:\/\/www.cashdrawers.cn\/es\/wp-json\/wp\/v2\/comments?post=2871"}],"version-history":[{"count":2,"href":"https:\/\/www.cashdrawers.cn\/es\/wp-json\/wp\/v2\/product\/2871\/revisions"}],"predecessor-version":[{"id":2931,"href":"https:\/\/www.cashdrawers.cn\/es\/wp-json\/wp\/v2\/product\/2871\/revisions\/2931"}],"wp:featuredmedia":[{"embeddable":true,"href":"https:\/\/www.cashdrawers.cn\/es\/wp-json\/wp\/v2\/media\/1683"}],"wp:attachment":[{"href":"https:\/\/www.cashdrawers.cn\/es\/wp-json\/wp\/v2\/media?parent=2871"}],"wp:term":[{"taxonomy":"product_cat","embeddable":true,"href":"https:\/\/www.cashdrawers.cn\/es\/wp-json\/wp\/v2\/product_cat?post=2871"},{"taxonomy":"product_tag","embeddable":true,"href":"https:\/\/www.cashdrawers.cn\/es\/wp-json\/wp\/v2\/product_tag?post=2871"}],"curies":[{"name":"wp","href":"https:\/\/api.w.org\/{rel}","templated":true}]}}