{"id":2943,"date":"2022-03-15T22:15:04","date_gmt":"2022-03-16T06:15:04","guid":{"rendered":"https:\/\/www.cashdrawers.cn\/?post_type=product&#038;p=2943"},"modified":"2022-03-20T18:06:46","modified_gmt":"2022-03-21T02:06:46","slug":"point-of-sale-custom-made-cash-drawer-square-pos","status":"publish","type":"product","link":"https:\/\/www.cashdrawers.cn\/es\/producto\/point-of-sale-custom-made-cash-drawer-square-pos\/","title":{"rendered":"Punto de venta Caj\u00f3n de efectivo hecho a medida POS cuadrado"},"content":{"rendered":"<h3>Punto de venta Caj\u00f3n de efectivo hecho a medida POS cuadrado<\/h3>\n<div>Este es un mini caj\u00f3n de efectivo de 330 mm \/ 13 pulgadas para su sistema de pos. Tiene forma cuadrada, la carcasa superior est\u00e1 hecha de acero laminado en fr\u00edo de calibre 0,8 mm. Para asegurarnos de que el caj\u00f3n de efectivo sea m\u00e1s fuerte y resistente, tambi\u00e9n soldamos la carcasa con nervaduras. La parte inferior del caj\u00f3n de efectivo es con SGCC o SECC. La bandeja de efectivo interna se puede sacar, hecha de material HIPS \/ ABS de alta calidad. Es conveniente para los usuarios sacarla cuando est\u00e1n fuera del trabajo y contar el efectivo de manera segura. Al mismo tiempo, el tratamiento superficial de alta calidad, varios colores y texturas est\u00e1n disponibles, todos los detalles son de alta calidad. Este caj\u00f3n de la caja registradora es nuestro caj\u00f3n Pos m\u00e1s popular.<\/div>\n<div><\/div>\n<div>\n<p class=\"magic-7\" data-spm-anchor-id=\"a2700.details.pronpeci14.i0.59fd1d2dbtmkGV\">Este art\u00edculo es un mini caj\u00f3n de efectivo con rodillo, modelo popular en el mercado pos, por lo tanto, es con rodillos de rodamiento de bolas de alta resistencia. Basado en \u00e9l, el caj\u00f3n de efectivo se puede sacar o empujar f\u00e1cilmente hacia adelante. Y el actuador interno (mecanismo de bloqueo) adopta el dise\u00f1o m\u00e1s razonable, que es muy suave y tiene una alta estabilidad. Este es tambi\u00e9n uno de los dise\u00f1os m\u00e1s avanzados de China, tenemos las patentes.<\/p>\n<\/div>\n<div>\n<div>\n<h4><em><strong>Con respecto al proceso de pintura:<\/strong><\/em><\/h4>\n<p>This Square pos drawer is textured hybrid powder coat. The standard color is Matte Black. We can also use other baking process and colors according to the needs. For example, bright black, Beige, bright white or other colors.<\/p>\n<\/div>\n<h4><em><strong>Respecto al embalaje: <\/strong><\/em><\/h4>\n<div>Nuestra caja de cart\u00f3n est\u00e1 hecha de madera prensada de 5 capas (papel corrugado) y la bolsa interior de PE se mantiene alejada de la humedad y el polvo. EPE s\u00faper grueso, lleno de elasticidad, reduce y evita golpes durante la log\u00edstica y entrega urgente (evitamos usar EPS, Whi no es degradable, de hecho, tiene grandes problemas ambientales)<\/div>\n<h4><em><strong>Otra informaci\u00f3n: <\/strong><\/em><\/h4>\n<div>\u041c\u044b \u043f\u0440\u0438\u043d\u0438\u043c\u0430\u0435\u043c \u0438\u043d\u0434\u0438\u0432\u0438\u0434\u0443\u0430\u043b\u044c\u043d\u044b\u0435 \u0442\u0440\u0435\u0431\u043e\u0432\u0430\u043d\u0438\u044f, \u0442\u0430\u043a\u0438\u0435 \u043a\u0430\u043a \u043b\u043e\u0433\u043e\u0442\u0438\u043f, \u043d\u0430\u043f\u0440\u044f\u0436\u0435\u043d\u0438\u0435, \u0438\u043d\u0442\u0435\u0440\u0444\u0435\u0439\u0441 \u0438 \u0442. \u0434.<\/div>\n<div><span style=\"color: #ffffff;\">Custom Made Clover\/APG Cash Drawer<\/span><\/div>\n<div>\n<h4><strong><em>Algunas ventajas:<\/em><\/strong><\/h4>\n<p>Costillas reforzadas instaladas, la estructura ultrarresistente tiene una mayor capacidad de carga que el mismo tipo de caja de efectivo. Adem\u00e1s, hay complementos de parada dentro del caj\u00f3n de efectivo, lo que mejora en gran medida la seguridad del transporte.<\/p>\n<\/div>\n<\/div>\n<div><\/div>\n<div><a href=\"https:\/\/www.cashdrawers.cn\/es\/contacts\/\">Contactanos para mas detalles<\/a><\/div>\n<div><\/div>\n<p class=\"magic-7\" data-spm-anchor-id=\"a2700.details.pronpeci14.i0.59fd1d2dbtmkGV\">","protected":false},"excerpt":{"rendered":"<p>Gavetas Para Dinero compacto<\/p>\n<ul>\n<li>13 (W) x 13.7 (D) x 3.54 (H) pulgadas<\/li>\n<li>4 billetes de 5 monedas<\/li>\n<li>Bandeja de efectivo extra\u00edble y estuche para monedas<\/li>\n<li>Interfaz: RJ11 desmontable<\/li>\n<li>Unidad de solenoide con 24 V<\/li>\n<li>Peso neto: 4.6kg<\/li>\n<li>1pcs \/ caja de cart\u00f3n como est\u00e1ndar<\/li>\n<li>Peso bruto: 5,3 kg<\/li>\n<\/ul>","protected":false},"featured_media":2703,"comment_status":"open","ping_status":"closed","template":"","meta":[],"product_cat":[54,41],"product_tag":[105,107,83,56,55,47,57,106,61],"yoast_head":"<!-- This site is optimized with the Yoast SEO Premium plugin v15.2 - https:\/\/yoast.com\/wordpress\/plugins\/seo\/ -->\n<title>Square POS Point of Sale Custom Made Cash Drawer<\/title>\n<meta name=\"description\" content=\"Square POS Cash Drawer OEM with 4B5C Cash Tray, Solenoid with 24V DC, And Detachble RJ12 Interface, Micro Sensor, Mini Size, Safe packing.\" \/>\n<meta name=\"robots\" content=\"index, follow, max-snippet:-1, max-image-preview:large, max-video-preview:-1\" \/>\n<link rel=\"canonical\" href=\"https:\/\/www.cashdrawers.cn\/es\/producto\/point-of-sale-custom-made-cash-drawer-square-pos\/\" \/>\n<meta property=\"og:locale\" content=\"es_ES\" \/>\n<meta property=\"og:type\" content=\"article\" \/>\n<meta property=\"og:title\" content=\"Square POS Point of Sale Custom Made Cash Drawer\" \/>\n<meta property=\"og:description\" content=\"Square POS Cash Drawer OEM with 4B5C Cash Tray, Solenoid with 24V DC, And Detachble RJ12 Interface, Micro Sensor, Mini Size, Safe packing.\" \/>\n<meta property=\"og:url\" content=\"https:\/\/www.cashdrawers.cn\/es\/producto\/point-of-sale-custom-made-cash-drawer-square-pos\/\" \/>\n<meta property=\"og:site_name\" content=\"Kustal Cash Drawer\" \/>\n<meta property=\"article:publisher\" content=\"https:\/\/www.facebook.com\/kustal.cash.drawer\" \/>\n<meta property=\"article:modified_time\" content=\"2022-03-21T02:06:46+00:00\" \/>\n<meta property=\"og:image\" content=\"https:\/\/www.cashdrawers.cn\/wp-content\/uploads\/2021\/01\/Black-mini-330-cash-drawer-8.jpg\" \/>\n\t<meta property=\"og:image:width\" content=\"800\" \/>\n\t<meta property=\"og:image:height\" content=\"800\" \/>\n<meta name=\"twitter:card\" content=\"summary_large_image\" \/>\n<meta name=\"twitter:label1\" value=\"Precio\">\n\t<meta name=\"twitter:data1\" value=\"\">\n\t<meta name=\"twitter:label2\" value=\"Availability\">\n\t<meta name=\"twitter:data2\" value=\"In stock\">\n<script type=\"application\/ld+json\" class=\"yoast-schema-graph\">{\"@context\":\"https:\/\/schema.org\",\"@graph\":[{\"@type\":\"WebSite\",\"@id\":\"https:\/\/www.cashdrawers.cn\/es\/#website\",\"url\":\"https:\/\/www.cashdrawers.cn\/es\/\",\"name\":\"Kustal Cash Drawer\",\"description\":\"Cash Drawer Manufacturer\",\"potentialAction\":[{\"@type\":\"SearchAction\",\"target\":\"https:\/\/www.cashdrawers.cn\/es\/?s={search_term_string}\",\"query-input\":\"required name=search_term_string\"}],\"inLanguage\":\"es\"},{\"@type\":\"ImageObject\",\"@id\":\"https:\/\/www.cashdrawers.cn\/product\/point-of-sale-custom-made-cash-drawer-square-pos\/#primaryimage\",\"inLanguage\":\"es\",\"url\":\"https:\/\/www.cashdrawers.cn\/wp-content\/uploads\/2021\/01\/Black-mini-330-cash-drawer-8.jpg\",\"width\":800,\"height\":800,\"caption\":\"330mm mini cash drawer\"},{\"@type\":[\"WebPage\",\"ItemPage\"],\"@id\":\"https:\/\/www.cashdrawers.cn\/product\/point-of-sale-custom-made-cash-drawer-square-pos\/#webpage\",\"url\":\"https:\/\/www.cashdrawers.cn\/product\/point-of-sale-custom-made-cash-drawer-square-pos\/\",\"name\":\"Square POS Point of Sale Custom Made Cash Drawer\",\"isPartOf\":{\"@id\":\"https:\/\/www.cashdrawers.cn\/es\/#website\"},\"primaryImageOfPage\":{\"@id\":\"https:\/\/www.cashdrawers.cn\/product\/point-of-sale-custom-made-cash-drawer-square-pos\/#primaryimage\"},\"datePublished\":\"2022-03-16T06:15:04+00:00\",\"dateModified\":\"2022-03-21T02:06:46+00:00\",\"description\":\"Square POS Cash Drawer OEM with 4B5C Cash Tray, Solenoid with 24V DC, And Detachble RJ12 Interface, Micro Sensor, Mini Size, Safe packing.\",\"inLanguage\":\"es\",\"potentialAction\":[{\"@type\":\"ReadAction\",\"target\":[\"https:\/\/www.cashdrawers.cn\/product\/point-of-sale-custom-made-cash-drawer-square-pos\/\"]}]},{\"@type\":\"Place\",\"@id\":\"https:\/\/www.cashdrawers.cn\/product\/point-of-sale-custom-made-cash-drawer-square-pos\/#local-place\",\"address\":{\"@type\":\"PostalAddress\",\"@id\":\"https:\/\/www.cashdrawers.cn\/product\/point-of-sale-custom-made-cash-drawer-square-pos\/#local-place-address\",\"streetAddress\":\"Lianmei Road No. 39, Lianhua Industrial Zone, TongAn District\",\"addressLocality\":\"Xiamen\",\"postalCode\":\"361108\",\"addressRegion\":\"Fujian\",\"addressCountry\":\"CN\"},\"geo\":{\"@type\":\"GeoCoordinates\",\"latitude\":\"24.74174505\",\"longitude\":\"118.07491779\"},\"openingHoursSpecification\":[{\"@type\":\"OpeningHoursSpecification\",\"dayOfWeek\":[\"Friday\",\"Saturday\",\"Sunday\",\"Monday\",\"Tuesday\",\"Wednesday\",\"Thursday\"],\"opens\":\"09:00\",\"closes\":\"17:00\"}],\"telephone\":\"+865927029406\",\"faxNumber\":\"Xiamen Kustal Technology Co., Ltd\"}]}<\/script>\n<meta name=\"geo.placename\" content=\"Xiamen\" \/>\n<meta name=\"geo.position\" content=\"24.74174505;118.07491779\" \/>\n<meta name=\"geo.region\" content=\"China\" \/>\n<!-- \/ Yoast SEO Premium plugin. -->","_links":{"self":[{"href":"https:\/\/www.cashdrawers.cn\/es\/wp-json\/wp\/v2\/product\/2943"}],"collection":[{"href":"https:\/\/www.cashdrawers.cn\/es\/wp-json\/wp\/v2\/product"}],"about":[{"href":"https:\/\/www.cashdrawers.cn\/es\/wp-json\/wp\/v2\/types\/product"}],"replies":[{"embeddable":true,"href":"https:\/\/www.cashdrawers.cn\/es\/wp-json\/wp\/v2\/comments?post=2943"}],"version-history":[{"count":1,"href":"https:\/\/www.cashdrawers.cn\/es\/wp-json\/wp\/v2\/product\/2943\/revisions"}],"predecessor-version":[{"id":2944,"href":"https:\/\/www.cashdrawers.cn\/es\/wp-json\/wp\/v2\/product\/2943\/revisions\/2944"}],"wp:featuredmedia":[{"embeddable":true,"href":"https:\/\/www.cashdrawers.cn\/es\/wp-json\/wp\/v2\/media\/2703"}],"wp:attachment":[{"href":"https:\/\/www.cashdrawers.cn\/es\/wp-json\/wp\/v2\/media?parent=2943"}],"wp:term":[{"taxonomy":"product_cat","embeddable":true,"href":"https:\/\/www.cashdrawers.cn\/es\/wp-json\/wp\/v2\/product_cat?post=2943"},{"taxonomy":"product_tag","embeddable":true,"href":"https:\/\/www.cashdrawers.cn\/es\/wp-json\/wp\/v2\/product_tag?post=2943"}],"curies":[{"name":"wp","href":"https:\/\/api.w.org\/{rel}","templated":true}]}}